{"id":10367,"date":"2022-09-07T13:35:17","date_gmt":"2022-09-07T10:35:17","guid":{"rendered":"https:\/\/athensjazz.gr\/?page_id=10367"},"modified":"2023-04-03T12:59:54","modified_gmt":"2023-04-03T09:59:54","slug":"bara-zmekova","status":"publish","type":"page","link":"https:\/\/athensjazz.gr\/en\/bara-zmekova\/","title":{"rendered":"BARA ZMEKOVA"},"content":{"rendered":"<div class=\"vc_row wpb_row vc_row-fluid qodef-section vc_custom_1652090445565 qodef-content-aligment-left qodef-grid-section\" style=\"\"><div class=\"clearfix qodef-section-inner\"><div class=\"qodef-section-inner-margin clearfix\"><div class=\"wpb_column vc_column_container vc_col-sm-12\"><div class=\"vc_column-inner vc_custom_1491905695911\"><div class=\"wpb_wrapper\"><div class=\"qodef-elements-holder qodef-responsive-mode-768\" ><div class=\"qodef-elements-holder-item\" data-item-class=\"qodef-elements-holder-custom-315294\" data-1024-1280=\"0 14% 0 0\" data-600-768=\"0 0 0 0\" data-480-600=\"0 0 0 4%\" data-480=\"0 0 0 4%\" >\n\t<div class=\"qodef-elements-holder-item-inner\">\n\t\t<div class=\"qodef-elements-holder-item-content qodef-elements-holder-custom-315294\" style=\"padding: 0 35% 0 0\">\n\t\t\t\n\t<div class=\"wpb_text_column wpb_content_element  vc_custom_1662546838185\" >\n\t\t<div class=\"wpb_wrapper\">\n\t\t\t<h2><span style=\"color: #ffffff;\">BARA ZMEKOVA\u00a0(Czech Republic)<\/span><\/h2>\n\n\t\t<\/div>\n\t<\/div>\n<div class=\"vc_empty_space\"   style=\"height: 10px\"><span class=\"vc_empty_space_inner\"><\/span><\/div>\n\t<div class=\"wpb_text_column wpb_content_element\" >\n\t\t<div class=\"wpb_wrapper\">\n\t\t\t<p class=\"western\"><span style=\"font-family: Calibri, serif;\"><span style=\"font-size: small;\"><span style=\"font-family: Arial, serif;\"><span lang=\"en-US\"><i>B\u00e1ra Smekov\u00e1 (piano, keyboards), Marcela Ku\u010dov\u00e1 (saxophone, flute), Viktor Do\u0159i\u010d\u00e1k (drums)<\/i><\/span><\/span><\/span><\/span><\/p>\n\n\t\t<\/div>\n\t<\/div>\n<div class=\"qodef-separator-holder clearfix  qodef-separator-left\">\n\t<div class=\"qodef-separator\" style=\"border-color: #ffffff;border-style: solid;width: 32px;border-bottom-width: 6px;margin-top: 24px;margin-bottom: 25px\"><\/div>\n<\/div>\n\n\t<div class=\"wpb_text_column wpb_content_element  archive-artist-anchors\" >\n\t\t<div class=\"wpb_wrapper\">\n\t\t\t<p class=\"western translation-block\">Although this singer from Prague artistically expresses herself mainly in her native language, the international audience has no problem enjoying her performance as the sensitivity and lyricism of music know no boundaries. B\u00e1ra Zmekov\u00e1 draws from folk, jazz and classical music sources, constantly flirting with electronica, gaining thus a place in the European jazz scene and not only. Her 2019 album \"Lunaves\", her second personal one, showcased a talent that balances between a fragile and almost poetic expressiveness and resourceful theatrical humour mainly displayed on stage. B\u00e1ra Zmekov\u00e1 performs either solo or with her band.<\/p>\n\n\t\t<\/div>\n\t<\/div>\n<div class=\"vc_empty_space\"   style=\"height: 32px\"><span class=\"vc_empty_space_inner\"><\/span><\/div>\n    <span class=\"qodef-icon-shortcode normal\"  data-hover-color=\"#ffffff\">\n                    <a href=\"https:\/\/www.facebook.com\/barazmekova\" target=\"_blank\">\n        \n        <span aria-hidden=\"true\" class=\"qodef-icon-font-elegant social_facebook qodef-icon-element\" style=\"font-size:14px\" ><\/span>\n                    <\/a>\n            <\/span>\n\n\n    <span class=\"qodef-icon-shortcode normal\"  data-hover-color=\"#ffffff\">\n                    <a href=\"https:\/\/www.instagram.com\/barazmekova\/\" target=\"_blank\">\n        \n        <span aria-hidden=\"true\" class=\"qodef-icon-font-elegant social_instagram qodef-icon-element\" style=\"font-size:14px\" ><\/span>\n                    <\/a>\n            <\/span>\n\n\t\t<\/div>\n\t<\/div>\n<\/div><\/div><\/div><\/div><\/div><\/div><\/div><\/div><div class=\"vc_row wpb_row vc_row-fluid qodef-section vc_custom_1661935631573 qodef-content-aligment-left\" style=\"\"><div class=\"clearfix qodef-full-section-inner\"><div class=\"wpb_column vc_column_container vc_col-sm-4\"><div class=\"vc_column-inner\"><div class=\"wpb_wrapper\">\n\t<div  class=\"wpb_single_image wpb_content_element vc_align_left\">\n\t\t\n\t\t<figure class=\"wpb_wrapper vc_figure\">\n\t\t\t<div class=\"vc_single_image-wrapper   vc_box_border_grey\"><img class=\"vc_single_image-img\" src=\"https:\/\/athensjazz.gr\/wp-content\/uploads\/2022\/09\/20220524_154_ATJF2022_BaraZmekova_CZ_VangelisPatsialos_web-550x400.jpg\" width=\"550\" height=\"400\" alt=\"20220524_154_ATJF2022_BaraZmekova_CZ_VangelisPatsialos_web\" title=\"20220524_154_ATJF2022_BaraZmekova_CZ_VangelisPatsialos_web\" \/><\/div>\n\t\t<\/figure>\n\t<\/div>\n<\/div><\/div><\/div><div class=\"wpb_column vc_column_container vc_col-sm-4\"><div class=\"vc_column-inner\"><div class=\"wpb_wrapper\">\n\t<div  class=\"wpb_single_image wpb_content_element vc_align_left\">\n\t\t\n\t\t<figure class=\"wpb_wrapper vc_figure\">\n\t\t\t<div class=\"vc_single_image-wrapper   vc_box_border_grey\"><img class=\"vc_single_image-img\" src=\"https:\/\/athensjazz.gr\/wp-content\/uploads\/2022\/09\/20220524_161_ATJF2022_BaraZmekova_CZ_VangelisPatsialos_web-550x400.jpg\" width=\"550\" height=\"400\" alt=\"20220524_161_ATJF2022_BaraZmekova_CZ_VangelisPatsialos_web\" title=\"20220524_161_ATJF2022_BaraZmekova_CZ_VangelisPatsialos_web\" \/><\/div>\n\t\t<\/figure>\n\t<\/div>\n<\/div><\/div><\/div><div class=\"wpb_column vc_column_container vc_col-sm-4\"><div class=\"vc_column-inner\"><div class=\"wpb_wrapper\">\n\t<div  class=\"wpb_single_image wpb_content_element vc_align_left\">\n\t\t\n\t\t<figure class=\"wpb_wrapper vc_figure\">\n\t\t\t<div class=\"vc_single_image-wrapper   vc_box_border_grey\"><img class=\"vc_single_image-img\" src=\"https:\/\/athensjazz.gr\/wp-content\/uploads\/2022\/09\/20220524_163_ATJF2022_BaraZmekova_CZ_VangelisPatsialos_web-550x400.jpg\" width=\"550\" height=\"400\" alt=\"20220524_163_ATJF2022_BaraZmekova_CZ_VangelisPatsialos_web\" title=\"20220524_163_ATJF2022_BaraZmekova_CZ_VangelisPatsialos_web\" \/><\/div>\n\t\t<\/figure>\n\t<\/div>\n<\/div><\/div><\/div><\/div><\/div>","protected":false},"excerpt":{"rendered":"BARA ZMEKOVA\u00a0(\u03a4\u03c3\u03b5\u03c7\u03af\u03b1) B\u00e1ra Smekov\u00e1 (\u03c0\u03b9\u03ac\u03bd\u03bf, \u03c0\u03bb\u03ae\u03ba\u03c4\u03c1\u03b1), Marcela Ku\u010dov\u00e1 (\u03c3\u03b1\u03be\u03cc\u03c6\u03c9\u03bd\u03bf, \u03c6\u03bb\u03ac\u03bf\u03c5\u03c4\u03bf), Viktor Do\u0159i\u010d\u00e1k (\u03bd\u03c4\u03c1\u03b1\u03bc\u03c2) \u0391\u03bd \u03ba\u03b1\u03b9 \u03b7 \u03c4\u03c1\u03b1\u03b3\u03bf\u03c5\u03b4\u03af\u03c3\u03c4\u03c1\u03b9\u03b1 \u03b1\u03c5\u03c4\u03ae \u03b1\u03c0\u03cc \u03c4\u03b7\u03bd...","protected":false},"author":1,"featured_media":0,"parent":0,"menu_order":0,"comment_status":"closed","ping_status":"closed","template":"full-width.php","meta":{"_seopress_robots_primary_cat":"","_seopress_titles_title":"","_seopress_titles_desc":"","_seopress_robots_index":"","_expiration-date-status":"","_expiration-date":0,"_expiration-date-type":"","_expiration-date-categories":[],"_expiration-date-options":[]},"acf":[],"_links":{"self":[{"href":"https:\/\/athensjazz.gr\/en\/wp-json\/wp\/v2\/pages\/10367"}],"collection":[{"href":"https:\/\/athensjazz.gr\/en\/wp-json\/wp\/v2\/pages"}],"about":[{"href":"https:\/\/athensjazz.gr\/en\/wp-json\/wp\/v2\/types\/page"}],"author":[{"embeddable":true,"href":"https:\/\/athensjazz.gr\/en\/wp-json\/wp\/v2\/users\/1"}],"replies":[{"embeddable":true,"href":"https:\/\/athensjazz.gr\/en\/wp-json\/wp\/v2\/comments?post=10367"}],"version-history":[{"count":5,"href":"https:\/\/athensjazz.gr\/en\/wp-json\/wp\/v2\/pages\/10367\/revisions"}],"predecessor-version":[{"id":10545,"href":"https:\/\/athensjazz.gr\/en\/wp-json\/wp\/v2\/pages\/10367\/revisions\/10545"}],"wp:attachment":[{"href":"https:\/\/athensjazz.gr\/en\/wp-json\/wp\/v2\/media?parent=10367"}],"curies":[{"name":"wp","href":"https:\/\/api.w.org\/{rel}","templated":true}]}}