{"id":10382,"date":"2022-09-07T13:46:54","date_gmt":"2022-09-07T10:46:54","guid":{"rendered":"https:\/\/athensjazz.gr\/?page_id=10382"},"modified":"2023-04-03T12:59:46","modified_gmt":"2023-04-03T09:59:46","slug":"zita-gereben","status":"publish","type":"page","link":"https:\/\/athensjazz.gr\/en\/zita-gereben\/","title":{"rendered":"ZITA GEREBEN\u00a0(Hungary)"},"content":{"rendered":"<div class=\"vc_row wpb_row vc_row-fluid qodef-section vc_custom_1652090445565 qodef-content-aligment-left qodef-grid-section\" style=\"\"><div class=\"clearfix qodef-section-inner\"><div class=\"qodef-section-inner-margin clearfix\"><div class=\"wpb_column vc_column_container vc_col-sm-12\"><div class=\"vc_column-inner vc_custom_1491905695911\"><div class=\"wpb_wrapper\"><div class=\"qodef-elements-holder qodef-responsive-mode-768\" ><div class=\"qodef-elements-holder-item\" data-item-class=\"qodef-elements-holder-custom-872229\" data-1024-1280=\"0 14% 0 0\" data-600-768=\"0 0 0 0\" data-480-600=\"0 0 0 4%\" data-480=\"0 0 0 4%\" >\n\t<div class=\"qodef-elements-holder-item-inner\">\n\t\t<div class=\"qodef-elements-holder-item-content qodef-elements-holder-custom-872229\" style=\"padding: 0 35% 0 0\">\n\t\t\t\n\t<div class=\"wpb_text_column wpb_content_element  vc_custom_1662547513255\" >\n\t\t<div class=\"wpb_wrapper\">\n\t\t\t<h2><span style=\"color: #ffffff;\">ZITA GEREBEN\u00a0(Hungary)<\/span><\/h2>\n\n\t\t<\/div>\n\t<\/div>\n<div class=\"vc_empty_space\"   style=\"height: 10px\"><span class=\"vc_empty_space_inner\"><\/span><\/div>\n\t<div class=\"wpb_text_column wpb_content_element\" >\n\t\t<div class=\"wpb_wrapper\">\n\t\t\t<p class=\"western translation-block\">Zita Gereben (vocals), K\u00e1roly G\u00e1sp\u00e1r (piano), G\u00e9za J\u00f3n\u00e1s (double bass), Bal\u00e1zs B\u00e1gyi (drums)<\/p>\n\n\t\t<\/div>\n\t<\/div>\n<div class=\"qodef-separator-holder clearfix  qodef-separator-left\">\n\t<div class=\"qodef-separator\" style=\"border-color: #ffffff;border-style: solid;width: 32px;border-bottom-width: 6px;margin-top: 24px;margin-bottom: 25px\"><\/div>\n<\/div>\n\n\t<div class=\"wpb_text_column wpb_content_element  archive-artist-anchors\" >\n\t\t<div class=\"wpb_wrapper\">\n\t\t\t<p class=\"western translation-block\">She is one of Hungary's most famous jazz singers, with many powerful soul and rock hints in her expressive voice. Since 2009, Zita has been writing and singing songs with her band. To date, she has released three albums (\"Ready for the Sun\", \"Our Places\", and \"Az \u00e9n fesztiv\u00e1lom\"), covering a vast repertoire, from pure jazz with a contemporary perspective and extensions to the most eloquent popular directions, in addition to the works of music that have offered her a prominent place in the modern music scene of her homeland. Besides her personal projects, Zita Gereben has collaborated with many groups, such as Emil.RuleZ!, Gringo Star, Modern Art Orchestra, Transform Quintet, Random Trip, Nagy J\u00e1nos Trio, and more.<\/p>\n\n\t\t<\/div>\n\t<\/div>\n<div class=\"vc_empty_space\"   style=\"height: 32px\"><span class=\"vc_empty_space_inner\"><\/span><\/div>\n    <span class=\"qodef-icon-shortcode normal\"  data-hover-color=\"#ffffff\">\n                    <a href=\"https:\/\/www.facebook.com\/gerebenzita\" target=\"_blank\">\n        \n        <span aria-hidden=\"true\" class=\"qodef-icon-font-elegant social_facebook qodef-icon-element\" style=\"font-size:14px\" ><\/span>\n                    <\/a>\n            <\/span>\n\n\n    <span class=\"qodef-icon-shortcode normal\"  data-hover-color=\"#ffffff\">\n                    <a href=\"https:\/\/www.instagram.com\/gerebenzita\/\" target=\"_blank\">\n        \n        <span aria-hidden=\"true\" class=\"qodef-icon-font-elegant social_instagram qodef-icon-element\" style=\"font-size:14px\" ><\/span>\n                    <\/a>\n            <\/span>\n\n\t\t<\/div>\n\t<\/div>\n<\/div><\/div><\/div><\/div><\/div><\/div><\/div><\/div><div class=\"vc_row wpb_row vc_row-fluid qodef-section vc_custom_1661935631573 qodef-content-aligment-left\" style=\"\"><div class=\"clearfix qodef-full-section-inner\"><div class=\"wpb_column vc_column_container vc_col-sm-4\"><div class=\"vc_column-inner\"><div class=\"wpb_wrapper\">\n\t<div  class=\"wpb_single_image wpb_content_element vc_align_left\">\n\t\t\n\t\t<figure class=\"wpb_wrapper vc_figure\">\n\t\t\t<div class=\"vc_single_image-wrapper   vc_box_border_grey\"><img class=\"vc_single_image-img\" src=\"https:\/\/athensjazz.gr\/wp-content\/uploads\/2022\/09\/20220524_210_ATJF2022_ZitaGereben_HU_VangelisPatsialos_web-550x400.jpg\" width=\"550\" height=\"400\" alt=\"20220524_210_ATJF2022_ZitaGereben_HU_VangelisPatsialos_web\" title=\"20220524_210_ATJF2022_ZitaGereben_HU_VangelisPatsialos_web\" \/><\/div>\n\t\t<\/figure>\n\t<\/div>\n<\/div><\/div><\/div><div class=\"wpb_column vc_column_container vc_col-sm-4\"><div class=\"vc_column-inner\"><div class=\"wpb_wrapper\">\n\t<div  class=\"wpb_single_image wpb_content_element vc_align_left\">\n\t\t\n\t\t<figure class=\"wpb_wrapper vc_figure\">\n\t\t\t<div class=\"vc_single_image-wrapper   vc_box_border_grey\"><img class=\"vc_single_image-img\" src=\"https:\/\/athensjazz.gr\/wp-content\/uploads\/2022\/09\/20220524_215_ATJF2022_ZitaGereben_HU_VangelisPatsialos_web-550x400.jpg\" width=\"550\" height=\"400\" alt=\"20220524_215_ATJF2022_ZitaGereben_HU_VangelisPatsialos_web\" title=\"20220524_215_ATJF2022_ZitaGereben_HU_VangelisPatsialos_web\" \/><\/div>\n\t\t<\/figure>\n\t<\/div>\n<\/div><\/div><\/div><div class=\"wpb_column vc_column_container vc_col-sm-4\"><div class=\"vc_column-inner\"><div class=\"wpb_wrapper\">\n\t<div  class=\"wpb_single_image wpb_content_element vc_align_left\">\n\t\t\n\t\t<figure class=\"wpb_wrapper vc_figure\">\n\t\t\t<div class=\"vc_single_image-wrapper   vc_box_border_grey\"><img class=\"vc_single_image-img\" src=\"https:\/\/athensjazz.gr\/wp-content\/uploads\/2022\/09\/20220524_224_ATJF2022_ZitaGereben_HU_VangelisPatsialos_web-550x400.jpg\" width=\"550\" height=\"400\" alt=\"20220524_224_ATJF2022_ZitaGereben_HU_VangelisPatsialos_web\" title=\"20220524_224_ATJF2022_ZitaGereben_HU_VangelisPatsialos_web\" \/><\/div>\n\t\t<\/figure>\n\t<\/div>\n<\/div><\/div><\/div><\/div><\/div>","protected":false},"excerpt":{"rendered":"ZITA GEREBEN\u00a0(\u039f\u03c5\u03b3\u03b3\u03b1\u03c1\u03af\u03b1) Zita Gereben (\u03c4\u03c1\u03b1\u03b3\u03bf\u03cd\u03b4\u03b9), K\u00e1roly G\u00e1sp\u00e1r (\u03c0\u03b9\u03ac\u03bd\u03bf), G\u00e9za J\u00f3n\u00e1s (\u03ba\u03bf\u03bd\u03c4\u03c1\u03b1\u03bc\u03c0\u03ac\u03c3\u03bf), Bal\u00e1zs B\u00e1gyi (\u03bd\u03c4\u03c1\u03b1\u03bc\u03c2) \u03a0\u03c1\u03cc\u03ba\u03b5\u03b9\u03c4\u03b1\u03b9 \u03b3\u03b9\u03b1 \u03bc\u03b9\u03b1 \u03b1\u03c0\u03cc \u03c4\u03b9\u03c2 \u03c0\u03b9\u03bf...","protected":false},"author":1,"featured_media":0,"parent":0,"menu_order":0,"comment_status":"closed","ping_status":"closed","template":"full-width.php","meta":{"_seopress_robots_primary_cat":"","_seopress_titles_title":"","_seopress_titles_desc":"","_seopress_robots_index":"","_expiration-date-status":"","_expiration-date":0,"_expiration-date-type":"","_expiration-date-categories":[],"_expiration-date-options":[]},"acf":[],"_links":{"self":[{"href":"https:\/\/athensjazz.gr\/en\/wp-json\/wp\/v2\/pages\/10382"}],"collection":[{"href":"https:\/\/athensjazz.gr\/en\/wp-json\/wp\/v2\/pages"}],"about":[{"href":"https:\/\/athensjazz.gr\/en\/wp-json\/wp\/v2\/types\/page"}],"author":[{"embeddable":true,"href":"https:\/\/athensjazz.gr\/en\/wp-json\/wp\/v2\/users\/1"}],"replies":[{"embeddable":true,"href":"https:\/\/athensjazz.gr\/en\/wp-json\/wp\/v2\/comments?post=10382"}],"version-history":[{"count":4,"href":"https:\/\/athensjazz.gr\/en\/wp-json\/wp\/v2\/pages\/10382\/revisions"}],"predecessor-version":[{"id":10549,"href":"https:\/\/athensjazz.gr\/en\/wp-json\/wp\/v2\/pages\/10382\/revisions\/10549"}],"wp:attachment":[{"href":"https:\/\/athensjazz.gr\/en\/wp-json\/wp\/v2\/media?parent=10382"}],"curies":[{"name":"wp","href":"https:\/\/api.w.org\/{rel}","templated":true}]}}