{"id":10778,"date":"2023-02-20T10:51:36","date_gmt":"2023-02-20T08:51:36","guid":{"rendered":"https:\/\/athensjazz.gr\/?page_id=10778"},"modified":"2023-04-03T12:48:07","modified_gmt":"2023-04-03T09:48:07","slug":"ondrej-havelka-his-melody-makers","status":"publish","type":"page","link":"https:\/\/athensjazz.gr\/en\/ondrej-havelka-his-melody-makers\/","title":{"rendered":"Ondrej Havelka &#038; his Melody Makers"},"content":{"rendered":"<div class=\"vc_row wpb_row vc_row-fluid qodef-section vc_custom_1652090445565 qodef-content-aligment-left qodef-grid-section\" style=\"\"><div class=\"clearfix qodef-section-inner\"><div class=\"qodef-section-inner-margin clearfix\"><div class=\"wpb_column vc_column_container vc_col-sm-12\"><div class=\"vc_column-inner vc_custom_1491905695911\"><div class=\"wpb_wrapper\"><div class=\"qodef-elements-holder qodef-responsive-mode-768\" ><div class=\"qodef-elements-holder-item\" data-item-class=\"qodef-elements-holder-custom-832816\" data-1024-1280=\"0 14% 0 0\" data-600-768=\"0 0 0 0\" data-480-600=\"0 0 0 4%\" data-480=\"0 0 0 4%\" >\n\t<div class=\"qodef-elements-holder-item-inner\">\n\t\t<div class=\"qodef-elements-holder-item-content qodef-elements-holder-custom-832816\" style=\"padding: 0 35% 0 0\">\n\t\t\t\n\t<div class=\"wpb_text_column wpb_content_element  vc_custom_1676883069178\" >\n\t\t<div class=\"wpb_wrapper\">\n\t\t\t<h2><span style=\"color: #ffffff;\">Ondrej Havelka &amp; his Melody Makers (Czech Republic)<\/span><\/h2>\n\n\t\t<\/div>\n\t<\/div>\n<div class=\"vc_empty_space\"   style=\"height: 10px\"><span class=\"vc_empty_space_inner\"><\/span><\/div>\n\t<div class=\"wpb_text_column wpb_content_element\" >\n\t\t<div class=\"wpb_wrapper\">\n\t\t\t<p class=\" translation-block\">Ond\u0159ej Havelka, Roz\u00e1lie Havelkov\u00e1, Vojt\u011bch Havelka (vocals) | Juraj Barto\u0161, Ji\u0159\u00ed Pat\u00f3cs, Michal Kr\u00e1sa (trumpets) | Michal Plecit\u00fd (trombone)| Pavel Jord\u00e1nek, Jan T\u0159\u00edska, Martin T\u0159\u00edska, Bed\u0159ich \u0160marda (saxophones) | Ji\u0159\u00ed Nov\u00e1k (drums) | Petr Tich\u00fd (guitar)| Petr Vl\u00e1\u0161ek (contrabass) | Miroslav Lacko (piano)| Martin Zbro\u017eek, Ji\u0159\u00ed Sl\u00e1dek (violins)<\/p>\n\n\t\t<\/div>\n\t<\/div>\n<div class=\"qodef-separator-holder clearfix  qodef-separator-left\">\n\t<div class=\"qodef-separator\" style=\"border-color: #ffffff;border-style: solid;width: 32px;border-bottom-width: 6px;margin-top: 24px;margin-bottom: 25px\"><\/div>\n<\/div>\n\n\t<div class=\"wpb_text_column wpb_content_element  archive-artist-anchors\" >\n\t\t<div class=\"wpb_wrapper\">\n\t\t\t<p class=\" translation-block\">A splendid swing band which not only covers American classics and standards of a \u201cgolden era\u201d but brings also together folk music of early Czechoslovakia and American swing. So Ondrej Havelka and his singers, together with Melody Makers will present us some real trad jazz, true swing and boogie, not for the sake of being in current trends but for essentially loving this music. Ondrej\u2019s history and knowledge is an assurance. His pure talent, his deep education and his musical experience along with his theatrical presence will shine on stage.<\/p>\n\n\t\t<\/div>\n\t<\/div>\n<div class=\"vc_empty_space\"   style=\"height: 32px\"><span class=\"vc_empty_space_inner\"><\/span><\/div>\t\t<\/div>\n\t<\/div>\n<\/div><\/div><\/div><\/div><\/div><\/div><\/div><\/div><div class=\"vc_row wpb_row vc_row-fluid qodef-section vc_custom_1661935631573 qodef-content-aligment-left\" style=\"\"><div class=\"clearfix qodef-full-section-inner\"><div class=\"wpb_column vc_column_container vc_col-sm-4\"><div class=\"vc_column-inner\"><div class=\"wpb_wrapper\">\n\t<div  class=\"wpb_single_image wpb_content_element vc_align_left\">\n\t\t\n\t\t<figure class=\"wpb_wrapper vc_figure\">\n\t\t\t<div class=\"vc_single_image-wrapper   vc_box_border_grey\"><img class=\"vc_single_image-img\" src=\"https:\/\/athensjazz.gr\/wp-content\/uploads\/2023\/02\/DSC02736_1200-550x400.jpg\" width=\"550\" height=\"400\" alt=\"DSC02736_1200\" title=\"DSC02736_1200\" \/><\/div>\n\t\t<\/figure>\n\t<\/div>\n<\/div><\/div><\/div><div class=\"wpb_column vc_column_container vc_col-sm-4\"><div class=\"vc_column-inner\"><div class=\"wpb_wrapper\">\n\t<div  class=\"wpb_single_image wpb_content_element vc_align_left\">\n\t\t\n\t\t<figure class=\"wpb_wrapper vc_figure\">\n\t\t\t<div class=\"vc_single_image-wrapper   vc_box_border_grey\"><img class=\"vc_single_image-img\" src=\"https:\/\/athensjazz.gr\/wp-content\/uploads\/2023\/02\/DSC02659_1200-550x400.jpg\" width=\"550\" height=\"400\" alt=\"DSC02659_1200\" title=\"DSC02659_1200\" \/><\/div>\n\t\t<\/figure>\n\t<\/div>\n<\/div><\/div><\/div><div class=\"wpb_column vc_column_container vc_col-sm-4\"><div class=\"vc_column-inner\"><div class=\"wpb_wrapper\">\n\t<div  class=\"wpb_single_image wpb_content_element vc_align_left\">\n\t\t\n\t\t<figure class=\"wpb_wrapper vc_figure\">\n\t\t\t<div class=\"vc_single_image-wrapper   vc_box_border_grey\"><img class=\"vc_single_image-img\" src=\"https:\/\/athensjazz.gr\/wp-content\/uploads\/2023\/02\/DSC02719_1200-550x400.jpg\" width=\"550\" height=\"400\" alt=\"DSC02719_1200\" title=\"DSC02719_1200\" \/><\/div>\n\t\t<\/figure>\n\t<\/div>\n<\/div><\/div><\/div><\/div><\/div>","protected":false},"excerpt":{"rendered":"Ondrej Havelka &amp; his Melody Makers (\u03a4\u03c3\u03b5\u03c7\u03af\u03b1) Ond\u0159ej Havelka, Roz\u00e1lie Havelkov\u00e1, Vojt\u011bch Havelka (\u03c4\u03c1\u03b1\u03b3\u03bf\u03cd\u03b4\u03b9)| Juraj Barto\u0161, Ji\u0159\u00ed Pat\u00f3cs, Michal Kr\u00e1sa...","protected":false},"author":1,"featured_media":0,"parent":0,"menu_order":0,"comment_status":"closed","ping_status":"closed","template":"full-width.php","meta":{"_seopress_robots_primary_cat":"","_seopress_titles_title":"","_seopress_titles_desc":"","_seopress_robots_index":"","_expiration-date-status":"","_expiration-date":0,"_expiration-date-type":"","_expiration-date-categories":[],"_expiration-date-options":[]},"acf":[],"_links":{"self":[{"href":"https:\/\/athensjazz.gr\/en\/wp-json\/wp\/v2\/pages\/10778"}],"collection":[{"href":"https:\/\/athensjazz.gr\/en\/wp-json\/wp\/v2\/pages"}],"about":[{"href":"https:\/\/athensjazz.gr\/en\/wp-json\/wp\/v2\/types\/page"}],"author":[{"embeddable":true,"href":"https:\/\/athensjazz.gr\/en\/wp-json\/wp\/v2\/users\/1"}],"replies":[{"embeddable":true,"href":"https:\/\/athensjazz.gr\/en\/wp-json\/wp\/v2\/comments?post=10778"}],"version-history":[{"count":2,"href":"https:\/\/athensjazz.gr\/en\/wp-json\/wp\/v2\/pages\/10778\/revisions"}],"predecessor-version":[{"id":10870,"href":"https:\/\/athensjazz.gr\/en\/wp-json\/wp\/v2\/pages\/10778\/revisions\/10870"}],"wp:attachment":[{"href":"https:\/\/athensjazz.gr\/en\/wp-json\/wp\/v2\/media?parent=10778"}],"curies":[{"name":"wp","href":"https:\/\/api.w.org\/{rel}","templated":true}]}}