{"id":11207,"date":"2023-04-06T15:36:23","date_gmt":"2023-04-06T12:36:23","guid":{"rendered":"https:\/\/athensjazz.gr\/?page_id=11207"},"modified":"2023-04-06T15:36:23","modified_gmt":"2023-04-06T12:36:23","slug":"miklos-lukacs-trio-cimbiosis","status":"publish","type":"page","link":"https:\/\/athensjazz.gr\/en\/miklos-lukacs-trio-cimbiosis\/","title":{"rendered":"Mikl\u00f3s Luk\u00e1cs Trio Cimbiosis"},"content":{"rendered":"<div class=\"vc_row wpb_row vc_row-fluid qodef-section vc_custom_1652090445565 qodef-content-aligment-left qodef-grid-section\" style=\"\"><div class=\"clearfix qodef-section-inner\"><div class=\"qodef-section-inner-margin clearfix\"><div class=\"wpb_column vc_column_container vc_col-sm-12\"><div class=\"vc_column-inner vc_custom_1491905695911\"><div class=\"wpb_wrapper\"><div class=\"qodef-elements-holder qodef-responsive-mode-768\" ><div class=\"qodef-elements-holder-item\" data-item-class=\"qodef-elements-holder-custom-540600\" data-1024-1280=\"0 14% 0 0\" data-600-768=\"0 0 0 0\" data-480-600=\"0 0 0 4%\" data-480=\"0 0 0 4%\" >\n\t<div class=\"qodef-elements-holder-item-inner\">\n\t\t<div class=\"qodef-elements-holder-item-content qodef-elements-holder-custom-540600\" style=\"padding: 0 35% 0 0\">\n\t\t\t\n\t<div class=\"wpb_text_column wpb_content_element  vc_custom_1680784503769\" >\n\t\t<div class=\"wpb_wrapper\">\n\t\t\t<h2><span style=\"color: #ffffff;\">Miklo\u0301s Luka\u0301cs Trio Cimbiosis (HUNGARY)<\/span><\/h2>\n\n\t\t<\/div>\n\t<\/div>\n<div class=\"vc_empty_space\"   style=\"height: 10px\"><span class=\"vc_empty_space_inner\"><\/span><\/div>\n\t<div class=\"wpb_text_column wpb_content_element\" >\n\t\t<div class=\"wpb_wrapper\">\n\t\t\t<p align=\"justify\" class=\" translation-block\">Mikl\u00f3s Luk\u00e1cs (cimbalom), Gy\u00f6rgy Orb\u00e1n (double bass), Istv\u00e1n Bal\u00f3 (drums)<\/p>\n\n\t\t<\/div>\n\t<\/div>\n<div class=\"qodef-separator-holder clearfix  qodef-separator-left\">\n\t<div class=\"qodef-separator\" style=\"border-color: #ffffff;border-style: solid;width: 32px;border-bottom-width: 6px;margin-top: 24px;margin-bottom: 25px\"><\/div>\n<\/div>\n\n\t<div class=\"wpb_text_column wpb_content_element  archive-artist-anchors\" >\n\t\t<div class=\"wpb_wrapper\">\n\t\t\t<p align=\"justify\"><span style=\"font-family: Calibri, serif;\">Cimbalom player Mikl\u00f3s Luk\u00e1cs, one of the most outstanding figures among Hungarian musicians, established his own trio, Cimbiosis, in 2013, with his fellow-musicians Istv\u00e1n Bal\u00f3 and Gy\u00f6rgy Orb\u00e1n. \u201cMy idea while composing for the trio was to create sort of chamber-music with equal emphasis on each musician. The group\u2019s name reflects on this crucial symbiosis between the members\u201d said Luk\u00e1cs, whose virtuoso playing paired with a constant exploration of his unique instrument to reveal yet undiscovered sounds of it and whose obvious ease to combine almost every genres of music, is captivating his listeners each time.<\/span><\/p>\n<p align=\"justify\"><span style=\"font-family: Calibri, serif;\">The trio\u2019s first album, Mikl\u00f3s Luk\u00e1cs Trio: Cimbi\u00f3zis (2014) was well received both by critics and audience. It was soon followed by their second one, Budapest Anzix (2015). On this latter they open the gates wide and we may learn a lot through their music about their relationship to the city and their feelings. They are sending postcards from Budapest, a city where music, love and affection can be found. Where they now live but will once leave behind. They are telling us stories about dramatic passions, presented with a surprising power. The instruments appear as human beings with all their complex feelings, relations and conflicts. <\/span><\/p>\n\n\t\t<\/div>\n\t<\/div>\n\t\t<\/div>\n\t<\/div>\n<\/div><\/div><\/div><\/div><\/div><\/div><\/div><\/div><div class=\"vc_row wpb_row vc_row-fluid qodef-section vc_custom_1661935631573 qodef-content-aligment-left\" style=\"\"><div class=\"clearfix qodef-full-section-inner\"><div class=\"wpb_column vc_column_container vc_col-sm-4\"><div class=\"vc_column-inner\"><div class=\"wpb_wrapper\">\n\t<div  class=\"wpb_single_image wpb_content_element vc_align_left\">\n\t\t\n\t\t<figure class=\"wpb_wrapper vc_figure\">\n\t\t\t<div class=\"vc_single_image-wrapper   vc_box_border_grey\"><img class=\"vc_single_image-img\" src=\"https:\/\/athensjazz.gr\/wp-content\/uploads\/2023\/04\/800x800_20170527_jazz_fest_33_DSC05172_1200-550x400.jpg\" width=\"550\" height=\"400\" alt=\"800x800_20170527_jazz_fest_33_DSC05172_1200\" title=\"800x800_20170527_jazz_fest_33_DSC05172_1200\" \/><\/div>\n\t\t<\/figure>\n\t<\/div>\n<\/div><\/div><\/div><div class=\"wpb_column vc_column_container vc_col-sm-4\"><div class=\"vc_column-inner\"><div class=\"wpb_wrapper\">\n\t<div  class=\"wpb_single_image wpb_content_element vc_align_left\">\n\t\t\n\t\t<figure class=\"wpb_wrapper vc_figure\">\n\t\t\t<div class=\"vc_single_image-wrapper   vc_box_border_grey\"><img class=\"vc_single_image-img\" src=\"https:\/\/athensjazz.gr\/wp-content\/uploads\/2023\/04\/800x800_20170527_jazz_fest_40_DSC05222_1200-550x400.jpg\" width=\"550\" height=\"400\" alt=\"800x800_20170527_jazz_fest_40_DSC05222_1200\" title=\"800x800_20170527_jazz_fest_40_DSC05222_1200\" \/><\/div>\n\t\t<\/figure>\n\t<\/div>\n<\/div><\/div><\/div><div class=\"wpb_column vc_column_container vc_col-sm-4\"><div class=\"vc_column-inner\"><div class=\"wpb_wrapper\">\n\t<div  class=\"wpb_single_image wpb_content_element vc_align_left\">\n\t\t\n\t\t<figure class=\"wpb_wrapper vc_figure\">\n\t\t\t<div class=\"vc_single_image-wrapper   vc_box_border_grey\"><img class=\"vc_single_image-img\" src=\"https:\/\/athensjazz.gr\/wp-content\/uploads\/2023\/04\/800x800_20170527_jazz_fest_39_DSC05215_1200-550x400.jpg\" width=\"550\" height=\"400\" alt=\"800x800_20170527_jazz_fest_39_DSC05215_1200\" title=\"800x800_20170527_jazz_fest_39_DSC05215_1200\" \/><\/div>\n\t\t<\/figure>\n\t<\/div>\n<\/div><\/div><\/div><\/div><\/div>","protected":false},"excerpt":{"rendered":"Mikl\u00f3s Luk\u00e1cs Trio Cimbiosis (\u039f\u03a5\u0393\u0393\u0391\u03a1\u0399\u0391) Mikl\u00f3s Luk\u00e1cs (\u03ba\u03cd\u03bc\u03b2\u03b1\u03bb\u03bf), Gy\u00f6rgy Orb\u00e1n (\u03ba\u03bf\u03bd\u03c4\u03c1\u03b1\u03bc\u03c0\u03ac\u03c3\u03bf), Istv\u00e1n Bal\u00f3 (\u03bd\u03c4\u03c1\u03b1\u03bc\u03c2) \u039f \u03c0\u03b1\u03af\u03ba\u03c4\u03b7\u03c2 \u03ba\u03cd\u03bc\u03b2\u03b1\u03bb\u03bf\u03c5 Mikl\u00f3s Luk\u00e1cs, \u03bc\u03b9\u03b1...","protected":false},"author":1,"featured_media":0,"parent":0,"menu_order":0,"comment_status":"closed","ping_status":"closed","template":"full-width.php","meta":{"_seopress_robots_primary_cat":"","_seopress_titles_title":"","_seopress_titles_desc":"","_seopress_robots_index":"","_expiration-date-status":"","_expiration-date":0,"_expiration-date-type":"","_expiration-date-categories":[],"_expiration-date-options":[]},"acf":[],"_links":{"self":[{"href":"https:\/\/athensjazz.gr\/en\/wp-json\/wp\/v2\/pages\/11207"}],"collection":[{"href":"https:\/\/athensjazz.gr\/en\/wp-json\/wp\/v2\/pages"}],"about":[{"href":"https:\/\/athensjazz.gr\/en\/wp-json\/wp\/v2\/types\/page"}],"author":[{"embeddable":true,"href":"https:\/\/athensjazz.gr\/en\/wp-json\/wp\/v2\/users\/1"}],"replies":[{"embeddable":true,"href":"https:\/\/athensjazz.gr\/en\/wp-json\/wp\/v2\/comments?post=11207"}],"version-history":[{"count":1,"href":"https:\/\/athensjazz.gr\/en\/wp-json\/wp\/v2\/pages\/11207\/revisions"}],"predecessor-version":[{"id":11299,"href":"https:\/\/athensjazz.gr\/en\/wp-json\/wp\/v2\/pages\/11207\/revisions\/11299"}],"wp:attachment":[{"href":"https:\/\/athensjazz.gr\/en\/wp-json\/wp\/v2\/media?parent=11207"}],"curies":[{"name":"wp","href":"https:\/\/api.w.org\/{rel}","templated":true}]}}