{"id":11211,"date":"2023-04-06T15:25:32","date_gmt":"2023-04-06T12:25:32","guid":{"rendered":"https:\/\/athensjazz.gr\/?page_id=11211"},"modified":"2023-04-06T15:25:32","modified_gmt":"2023-04-06T12:25:32","slug":"ricardo-toscano-quartet","status":"publish","type":"page","link":"https:\/\/athensjazz.gr\/en\/ricardo-toscano-quartet\/","title":{"rendered":"Ricardo Toscano Quartet"},"content":{"rendered":"<div class=\"vc_row wpb_row vc_row-fluid qodef-section vc_custom_1652090445565 qodef-content-aligment-left qodef-grid-section\" style=\"\"><div class=\"clearfix qodef-section-inner\"><div class=\"qodef-section-inner-margin clearfix\"><div class=\"wpb_column vc_column_container vc_col-sm-12\"><div class=\"vc_column-inner vc_custom_1491905695911\"><div class=\"wpb_wrapper\"><div class=\"qodef-elements-holder qodef-responsive-mode-768\" ><div class=\"qodef-elements-holder-item\" data-item-class=\"qodef-elements-holder-custom-929206\" data-1024-1280=\"0 14% 0 0\" data-600-768=\"0 0 0 0\" data-480-600=\"0 0 0 4%\" data-480=\"0 0 0 4%\" >\n\t<div class=\"qodef-elements-holder-item-inner\">\n\t\t<div class=\"qodef-elements-holder-item-content qodef-elements-holder-custom-929206\" style=\"padding: 0 35% 0 0\">\n\t\t\t\n\t<div class=\"wpb_text_column wpb_content_element  vc_custom_1680783841167\" >\n\t\t<div class=\"wpb_wrapper\">\n\t\t\t<h2><span style=\"color: #ffffff;\">Ricardo Toscano Quartet (PORTUGAL)<\/span><\/h2>\n\n\t\t<\/div>\n\t<\/div>\n<div class=\"vc_empty_space\"   style=\"height: 10px\"><span class=\"vc_empty_space_inner\"><\/span><\/div>\n\t<div class=\"wpb_text_column wpb_content_element\" >\n\t\t<div class=\"wpb_wrapper\">\n\t\t\t<p align=\"justify\" class=\" translation-block\">Ricardo Toscano (saxophone), Jo\u00e3o Coelho (piano), Romeu Trist\u00e3o (double bass), Jo\u00e3o Lopes Pereira (drums)<\/p>\n\n\t\t<\/div>\n\t<\/div>\n<div class=\"qodef-separator-holder clearfix  qodef-separator-left\">\n\t<div class=\"qodef-separator\" style=\"border-color: #ffffff;border-style: solid;width: 32px;border-bottom-width: 6px;margin-top: 24px;margin-bottom: 25px\"><\/div>\n<\/div>\n\n\t<div class=\"wpb_text_column wpb_content_element  archive-artist-anchors\" >\n\t\t<div class=\"wpb_wrapper\">\n\t\t\t<p align=\"justify\"><span style=\"font-family: Calibri, serif;\">Considered the best national player in 2015, saxophonist Ricardo Toscano sold out in two of the most important concerts rooms in Portugal, Culturgest and Centro Cultural de Bel\u00e9m - the celebration of a journey not made only of academic learning, but above all of a passion for jazz. From an early age, Ricardo Toscano became aware that his future pointed to jazz and specially to the saxophone. He began to imprint his name in the music scene, playing alongside with Mario Laginha in the resurrected Sexteto de Jazz de Lisboa, having in his curriculum shows at Estoril Jazz, Funchal Jazz and at Angra Jazz. Still in his youth, he revisited the hard bop tradition, learning from Coltrane, Parker or Ornette Coleman, that he considers the most stimulating historic period of Jazz.<\/span><\/p>\n<p align=\"justify\"><span style=\"font-family: Calibri, serif;\">His quartet is formed by equally very young musicians: Jo\u00e3o Pedro Coelho, Romeu Trist\u00e3o and Jo\u00e3o Pereira. All of them are passionate about the same musical style; balanced between the original melodious repertoire and free improvisation, the quartet has established its jazz language and now plans to record its first album. <\/span><\/p>\n\n\t\t<\/div>\n\t<\/div>\n<div class=\"vc_empty_space\"   style=\"height: 32px\"><span class=\"vc_empty_space_inner\"><\/span><\/div>\n    <span class=\"qodef-icon-shortcode normal\"  data-hover-color=\"#ffffff\">\n                    <a href=\"https:\/\/www.facebook.com\/thericardotoscano\" target=\"_blank\">\n        \n        <span aria-hidden=\"true\" class=\"qodef-icon-font-elegant social_facebook qodef-icon-element\" style=\"font-size:14px\" ><\/span>\n                    <\/a>\n            <\/span>\n\n\t\t<\/div>\n\t<\/div>\n<\/div><\/div><\/div><\/div><\/div><\/div><\/div><\/div><div class=\"vc_row wpb_row vc_row-fluid qodef-section vc_custom_1661935631573 qodef-content-aligment-left\" style=\"\"><div class=\"clearfix qodef-full-section-inner\"><div class=\"wpb_column vc_column_container vc_col-sm-4\"><div class=\"vc_column-inner\"><div class=\"wpb_wrapper\">\n\t<div  class=\"wpb_single_image wpb_content_element vc_align_left\">\n\t\t\n\t\t<figure class=\"wpb_wrapper vc_figure\">\n\t\t\t<div class=\"vc_single_image-wrapper   vc_box_border_grey\"><img class=\"vc_single_image-img\" src=\"https:\/\/athensjazz.gr\/wp-content\/uploads\/2023\/04\/800x800_20170526_jazz_fest_Technopolis_DSC04622_1200-550x400.jpg\" width=\"550\" height=\"400\" alt=\"800x800_20170526_jazz_fest_Technopolis_DSC04622_1200\" title=\"800x800_20170526_jazz_fest_Technopolis_DSC04622_1200\" \/><\/div>\n\t\t<\/figure>\n\t<\/div>\n<\/div><\/div><\/div><div class=\"wpb_column vc_column_container vc_col-sm-4\"><div class=\"vc_column-inner\"><div class=\"wpb_wrapper\">\n\t<div  class=\"wpb_single_image wpb_content_element vc_align_left\">\n\t\t\n\t\t<figure class=\"wpb_wrapper vc_figure\">\n\t\t\t<div class=\"vc_single_image-wrapper   vc_box_border_grey\"><img class=\"vc_single_image-img\" src=\"https:\/\/athensjazz.gr\/wp-content\/uploads\/2023\/04\/800x800_20170526_jazz_fest_Technopolis_DSC04469_1200-550x400.jpg\" width=\"550\" height=\"400\" alt=\"800x800_20170526_jazz_fest_Technopolis_DSC04469_1200\" title=\"800x800_20170526_jazz_fest_Technopolis_DSC04469_1200\" \/><\/div>\n\t\t<\/figure>\n\t<\/div>\n<\/div><\/div><\/div><div class=\"wpb_column vc_column_container vc_col-sm-4\"><div class=\"vc_column-inner\"><div class=\"wpb_wrapper\">\n\t<div  class=\"wpb_single_image wpb_content_element vc_align_left\">\n\t\t\n\t\t<figure class=\"wpb_wrapper vc_figure\">\n\t\t\t<div class=\"vc_single_image-wrapper   vc_box_border_grey\"><img class=\"vc_single_image-img\" src=\"https:\/\/athensjazz.gr\/wp-content\/uploads\/2023\/04\/800x800_20170526_jazz_fest_Technopolis_DSC04493_1200-550x400.jpg\" width=\"550\" height=\"400\" alt=\"800x800_20170526_jazz_fest_Technopolis_DSC04493_1200\" title=\"800x800_20170526_jazz_fest_Technopolis_DSC04493_1200\" \/><\/div>\n\t\t<\/figure>\n\t<\/div>\n<\/div><\/div><\/div><\/div><\/div>","protected":false},"excerpt":{"rendered":"Ricardo Toscano Quartet (\u03a0\u039f\u03a1\u03a4\u039f\u0393\u0391\u039b\u0399\u0391) Ricardo Toscano (\u03c3\u03b1\u03be\u03cc\u03c6\u03c9\u03bd\u03bf), Jo\u00e3o Coelho (\u03c0\u03b9\u03ac\u03bd\u03bf), Romeu Trist\u00e3o (\u03ba\u03bf\u03bd\u03c4\u03c1\u03b1\u03bc\u03c0\u03ac\u03c3\u03bf), Jo\u00e3o Lopes Pereira (\u03bd\u03c4\u03c1\u03b1\u03bc\u03c2) \u039f Ricardo Toscano,...","protected":false},"author":1,"featured_media":0,"parent":0,"menu_order":0,"comment_status":"closed","ping_status":"closed","template":"full-width.php","meta":{"_seopress_robots_primary_cat":"","_seopress_titles_title":"","_seopress_titles_desc":"","_seopress_robots_index":"","_expiration-date-status":"","_expiration-date":0,"_expiration-date-type":"","_expiration-date-categories":[],"_expiration-date-options":[]},"acf":[],"_links":{"self":[{"href":"https:\/\/athensjazz.gr\/en\/wp-json\/wp\/v2\/pages\/11211"}],"collection":[{"href":"https:\/\/athensjazz.gr\/en\/wp-json\/wp\/v2\/pages"}],"about":[{"href":"https:\/\/athensjazz.gr\/en\/wp-json\/wp\/v2\/types\/page"}],"author":[{"embeddable":true,"href":"https:\/\/athensjazz.gr\/en\/wp-json\/wp\/v2\/users\/1"}],"replies":[{"embeddable":true,"href":"https:\/\/athensjazz.gr\/en\/wp-json\/wp\/v2\/comments?post=11211"}],"version-history":[{"count":1,"href":"https:\/\/athensjazz.gr\/en\/wp-json\/wp\/v2\/pages\/11211\/revisions"}],"predecessor-version":[{"id":11286,"href":"https:\/\/athensjazz.gr\/en\/wp-json\/wp\/v2\/pages\/11211\/revisions\/11286"}],"wp:attachment":[{"href":"https:\/\/athensjazz.gr\/en\/wp-json\/wp\/v2\/media?parent=11211"}],"curies":[{"name":"wp","href":"https:\/\/api.w.org\/{rel}","templated":true}]}}