{"id":11216,"date":"2023-04-06T14:47:05","date_gmt":"2023-04-06T11:47:05","guid":{"rendered":"https:\/\/athensjazz.gr\/?page_id=11216"},"modified":"2023-04-06T14:47:05","modified_gmt":"2023-04-06T11:47:05","slug":"de-la-purissima","status":"publish","type":"page","link":"https:\/\/athensjazz.gr\/en\/de-la-purissima\/","title":{"rendered":"De La Pur\u00edssima"},"content":{"rendered":"<div class=\"vc_row wpb_row vc_row-fluid qodef-section vc_custom_1652090445565 qodef-content-aligment-left qodef-grid-section\" style=\"\"><div class=\"clearfix qodef-section-inner\"><div class=\"qodef-section-inner-margin clearfix\"><div class=\"wpb_column vc_column_container vc_col-sm-12\"><div class=\"vc_column-inner vc_custom_1491905695911\"><div class=\"wpb_wrapper\"><div class=\"qodef-elements-holder qodef-responsive-mode-768\" ><div class=\"qodef-elements-holder-item\" data-item-class=\"qodef-elements-holder-custom-905227\" data-1024-1280=\"0 14% 0 0\" data-600-768=\"0 0 0 0\" data-480-600=\"0 0 0 4%\" data-480=\"0 0 0 4%\" >\n\t<div class=\"qodef-elements-holder-item-inner\">\n\t\t<div class=\"qodef-elements-holder-item-content qodef-elements-holder-custom-905227\" style=\"padding: 0 35% 0 0\">\n\t\t\t\n\t<div class=\"wpb_text_column wpb_content_element  vc_custom_1680781519692\" >\n\t\t<div class=\"wpb_wrapper\">\n\t\t\t<h2><span style=\"color: #ffffff;\">De La Pur\u00edssima (SPAIN)<\/span><\/h2>\n\n\t\t<\/div>\n\t<\/div>\n<div class=\"vc_empty_space\"   style=\"height: 10px\"><span class=\"vc_empty_space_inner\"><\/span><\/div>\n\t<div class=\"wpb_text_column wpb_content_element\" >\n\t\t<div class=\"wpb_wrapper\">\n\t\t\t<p align=\"justify\" class=\" translation-block\">Julia de Castro (vocals &amp; words), Miguel Rodrig\u00e1\u00f1ez (double bass &amp; music), Gonzalo Maestre (drums), Jorge Vera (piano)<\/p>\n\n\t\t<\/div>\n\t<\/div>\n<div class=\"qodef-separator-holder clearfix  qodef-separator-left\">\n\t<div class=\"qodef-separator\" style=\"border-color: #ffffff;border-style: solid;width: 32px;border-bottom-width: 6px;margin-top: 24px;margin-bottom: 25px\"><\/div>\n<\/div>\n\n\t<div class=\"wpb_text_column wpb_content_element  archive-artist-anchors\" >\n\t\t<div class=\"wpb_wrapper\">\n\t\t\t<p align=\"justify\" class=\" translation-block\">Julia de Castro and Miguel Rodrig\u00e1\u00f1ez conceived the De La Pur\u00edssima project both on a musical and a dramatic level. Along with two extraordinary musicians, Gonzalo Maestre and Jorge Vera, they form a jazz quartet open to new trends and styles. Their stage performance is characterized by innovation, a fusion of music genders, a vivid interaction with the audience, a sense of humor and a sophisticated style.<\/p>\n<p align=\"justify\"><span style=\"font-family: Calibri, serif;\">De La Pur\u00edssima was formed in 2010, when Julia de Castro and Miguel Rodrig\u00e1\u00f1ez met during a jam session. They immediately realized that, besides their love for jazz, they also share the same passion for classical music, as well as for the Spanish music style called cupl\u00e9. Their project combines both jazz and Spanish folklore music, creating a new and unique sound.<\/span><\/p>\n<p align=\"justify\"><span style=\"font-family: Calibri, serif;\">Their performances are described as \u00abirresistible\u00bb, \u00abdaring\u00bb and \u00abexquisite\u00bb.<\/span><\/p>\n\n\t\t<\/div>\n\t<\/div>\n<div class=\"vc_empty_space\"   style=\"height: 32px\"><span class=\"vc_empty_space_inner\"><\/span><\/div>\n    <span class=\"qodef-icon-shortcode normal\"  data-hover-color=\"#ffffff\">\n                    <a href=\"https:\/\/www.facebook.com\/juliadecastrospain\" target=\"_blank\">\n        \n        <span aria-hidden=\"true\" class=\"qodef-icon-font-elegant social_facebook qodef-icon-element\" style=\"font-size:14px\" ><\/span>\n                    <\/a>\n            <\/span>\n\n\t\t<\/div>\n\t<\/div>\n<\/div><\/div><\/div><\/div><\/div><\/div><\/div><\/div><div class=\"vc_row wpb_row vc_row-fluid qodef-section vc_custom_1661935631573 qodef-content-aligment-left\" style=\"\"><div class=\"clearfix qodef-full-section-inner\"><div class=\"wpb_column vc_column_container vc_col-sm-4\"><div class=\"vc_column-inner\"><div class=\"wpb_wrapper\">\n\t<div  class=\"wpb_single_image wpb_content_element vc_align_left\">\n\t\t\n\t\t<figure class=\"wpb_wrapper vc_figure\">\n\t\t\t<div class=\"vc_single_image-wrapper   vc_box_border_grey\"><img class=\"vc_single_image-img\" src=\"https:\/\/athensjazz.gr\/wp-content\/uploads\/2023\/04\/800x800_20170525_17thAJF_219_DeLaPurissima_VangelisPatsialos_web-550x400.jpg\" width=\"550\" height=\"400\" alt=\"800x800_20170525_17thAJF_219_DeLaPurissima_VangelisPatsialos_web\" title=\"800x800_20170525_17thAJF_219_DeLaPurissima_VangelisPatsialos_web\" \/><\/div>\n\t\t<\/figure>\n\t<\/div>\n<\/div><\/div><\/div><div class=\"wpb_column vc_column_container vc_col-sm-4\"><div class=\"vc_column-inner\"><div class=\"wpb_wrapper\">\n\t<div  class=\"wpb_single_image wpb_content_element vc_align_left\">\n\t\t\n\t\t<figure class=\"wpb_wrapper vc_figure\">\n\t\t\t<div class=\"vc_single_image-wrapper   vc_box_border_grey\"><img class=\"vc_single_image-img\" src=\"https:\/\/athensjazz.gr\/wp-content\/uploads\/2023\/04\/800x800_20170525_17thAJF_220_DeLaPurissima_VangelisPatsialos_web-550x400.jpg\" width=\"550\" height=\"400\" alt=\"800x800_20170525_17thAJF_220_DeLaPurissima_VangelisPatsialos_web\" title=\"800x800_20170525_17thAJF_220_DeLaPurissima_VangelisPatsialos_web\" \/><\/div>\n\t\t<\/figure>\n\t<\/div>\n<\/div><\/div><\/div><div class=\"wpb_column vc_column_container vc_col-sm-4\"><div class=\"vc_column-inner\"><div class=\"wpb_wrapper\">\n\t<div  class=\"wpb_single_image wpb_content_element vc_align_left\">\n\t\t\n\t\t<figure class=\"wpb_wrapper vc_figure\">\n\t\t\t<div class=\"vc_single_image-wrapper   vc_box_border_grey\"><img class=\"vc_single_image-img\" src=\"https:\/\/athensjazz.gr\/wp-content\/uploads\/2023\/04\/800x800_20170525_17thAJF_222_DeLaPurissima_VangelisPatsialos_web-550x400.jpg\" width=\"550\" height=\"400\" alt=\"800x800_20170525_17thAJF_222_DeLaPurissima_VangelisPatsialos_web\" title=\"800x800_20170525_17thAJF_222_DeLaPurissima_VangelisPatsialos_web\" \/><\/div>\n\t\t<\/figure>\n\t<\/div>\n<\/div><\/div><\/div><\/div><\/div>","protected":false},"excerpt":{"rendered":"De La Pur\u00edssima (\u0399\u03a3\u03a0\u0391\u039d\u0399\u0391) Julia de Castro (\u03c6\u03c9\u03bd\u03ae &amp; \u03c3\u03c4\u03af\u03c7\u03bf\u03b9), Miguel Rodrig\u00e1\u00f1ez (\u03ba\u03bf\u03bd\u03c4\u03c1\u03b1\u03bc\u03c0\u03ac\u03c3\u03bf &amp; \u03bc\u03bf\u03c5\u03c3\u03b9\u03ba\u03ae), Gonzalo Maestre (\u03bd\u03c4\u03c1\u03b1\u03bc\u03c2), Jorge Vera...","protected":false},"author":1,"featured_media":0,"parent":0,"menu_order":0,"comment_status":"closed","ping_status":"closed","template":"full-width.php","meta":{"_seopress_robots_primary_cat":"","_seopress_titles_title":"","_seopress_titles_desc":"","_seopress_robots_index":"","_expiration-date-status":"","_expiration-date":0,"_expiration-date-type":"","_expiration-date-categories":[],"_expiration-date-options":[]},"acf":[],"_links":{"self":[{"href":"https:\/\/athensjazz.gr\/en\/wp-json\/wp\/v2\/pages\/11216"}],"collection":[{"href":"https:\/\/athensjazz.gr\/en\/wp-json\/wp\/v2\/pages"}],"about":[{"href":"https:\/\/athensjazz.gr\/en\/wp-json\/wp\/v2\/types\/page"}],"author":[{"embeddable":true,"href":"https:\/\/athensjazz.gr\/en\/wp-json\/wp\/v2\/users\/1"}],"replies":[{"embeddable":true,"href":"https:\/\/athensjazz.gr\/en\/wp-json\/wp\/v2\/comments?post=11216"}],"version-history":[{"count":1,"href":"https:\/\/athensjazz.gr\/en\/wp-json\/wp\/v2\/pages\/11216\/revisions"}],"predecessor-version":[{"id":11263,"href":"https:\/\/athensjazz.gr\/en\/wp-json\/wp\/v2\/pages\/11216\/revisions\/11263"}],"wp:attachment":[{"href":"https:\/\/athensjazz.gr\/en\/wp-json\/wp\/v2\/media?parent=11216"}],"curies":[{"name":"wp","href":"https:\/\/api.w.org\/{rel}","templated":true}]}}