{"id":11552,"date":"2023-04-21T13:26:38","date_gmt":"2023-04-21T10:26:38","guid":{"rendered":"https:\/\/athensjazz.gr\/?page_id=11552"},"modified":"2023-04-21T13:28:56","modified_gmt":"2023-04-21T10:28:56","slug":"veronika-harcsagyemant-balint","status":"publish","type":"page","link":"https:\/\/athensjazz.gr\/en\/veronika-harcsagyemant-balint\/","title":{"rendered":"Veronika Harcsa &#038;Gy\u00e9m\u00e1nt B\u00e1lint"},"content":{"rendered":"<div class=\"vc_row wpb_row vc_row-fluid qodef-section vc_custom_1652090445565 qodef-content-aligment-left qodef-grid-section\" style=\"\"><div class=\"clearfix qodef-section-inner\"><div class=\"qodef-section-inner-margin clearfix\"><div class=\"wpb_column vc_column_container vc_col-sm-12\"><div class=\"vc_column-inner vc_custom_1491905695911\"><div class=\"wpb_wrapper\"><div class=\"qodef-elements-holder qodef-responsive-mode-768\" ><div class=\"qodef-elements-holder-item\" data-item-class=\"qodef-elements-holder-custom-556224\" data-1024-1280=\"0 14% 0 0\" data-600-768=\"0 0 0 0\" data-480-600=\"0 0 0 4%\" data-480=\"0 0 0 4%\" >\n\t<div class=\"qodef-elements-holder-item-inner\">\n\t\t<div class=\"qodef-elements-holder-item-content qodef-elements-holder-custom-556224\" style=\"padding: 0 35% 0 0\">\n\t\t\t\n\t<div class=\"wpb_text_column wpb_content_element  vc_custom_1682072659315\" >\n\t\t<div class=\"wpb_wrapper\">\n\t\t\t<h2><span style=\"color: #ffffff;\">Veronika Harcsa &amp;Gy\u00e9m\u00e1nt B\u00e1lint (Hungary)<\/span><\/h2>\n\n\t\t<\/div>\n\t<\/div>\n<div class=\"vc_empty_space\"   style=\"height: 10px\"><span class=\"vc_empty_space_inner\"><\/span><\/div>\n\t<div class=\"wpb_text_column wpb_content_element\" >\n\t\t<div class=\"wpb_wrapper\">\n\t\t\t<p class=\"western translation-block\" align=\"justify\">Veronika Harcsa (vocals), Gy\u00e9m\u00e1nt B\u00e1lint (guitar)<\/p>\n\n\t\t<\/div>\n\t<\/div>\n<div class=\"qodef-separator-holder clearfix  qodef-separator-left\">\n\t<div class=\"qodef-separator\" style=\"border-color: #ffffff;border-style: solid;width: 32px;border-bottom-width: 6px;margin-top: 24px;margin-bottom: 25px\"><\/div>\n<\/div>\n\n\t<div class=\"wpb_text_column wpb_content_element  archive-artist-anchors\" >\n\t\t<div class=\"wpb_wrapper\">\n\t\t\t<p class=\"western\">Veronika Harcsa is a uniquely versatile Hungarian singer and songwriter, whose greatest strength lies in a clarity, which enchants and bedazzles instantly. Her voice knows only the most direct way from her soul into the ear of the listener. Her main project is a duo with jazz guitar virtuoso B\u00e1lint Gy\u00e9m\u00e1nt. The two have received numerous awards, and are touring across Europe, creating a unique mixture of jazz and world music in their own compositions. Veronika has performed in Athens several times, including collaborations with the well known Greek band Active Member<\/p>\n\n\t\t<\/div>\n\t<\/div>\n<div class=\"vc_empty_space\"   style=\"height: 32px\"><span class=\"vc_empty_space_inner\"><\/span><\/div>\n    <span class=\"qodef-icon-shortcode normal\"  data-hover-color=\"#ffffff\">\n                    <a href=\"https:\/\/www.facebook.com\/harcsaveronika\" target=\"_blank\">\n        \n        <span aria-hidden=\"true\" class=\"qodef-icon-font-elegant social_facebook qodef-icon-element\" style=\"font-size:14px\" ><\/span>\n                    <\/a>\n            <\/span>\n\n\n    <span class=\"qodef-icon-shortcode normal\"  data-hover-color=\"#ffffff\">\n                    <a href=\"http:\/\/harcsaveronika.hu\/#\" target=\"_blank\">\n        \n        <span aria-hidden=\"true\" class=\"qodef-icon-font-elegant icon_document_alt qodef-icon-element\" style=\"font-size:14px\" ><\/span>\n                    <\/a>\n            <\/span>\n\n\t\t<\/div>\n\t<\/div>\n<\/div><\/div><\/div><\/div><\/div><\/div><\/div><\/div><div class=\"vc_row wpb_row vc_row-fluid qodef-section vc_custom_1661935631573 qodef-content-aligment-left\" style=\"\"><div class=\"clearfix qodef-full-section-inner\"><div class=\"wpb_column vc_column_container vc_col-sm-4\"><div class=\"vc_column-inner\"><div class=\"wpb_wrapper\">\n\t<div  class=\"wpb_single_image wpb_content_element vc_align_left\">\n\t\t\n\t\t<figure class=\"wpb_wrapper vc_figure\">\n\t\t\t<div class=\"vc_single_image-wrapper   vc_box_border_grey\"><img class=\"vc_single_image-img\" src=\"https:\/\/athensjazz.gr\/wp-content\/uploads\/2023\/04\/800x800__DSC7296_1400-550x400.jpg\" width=\"550\" height=\"400\" alt=\"800x800__DSC7296_1400\" title=\"800x800__DSC7296_1400\" \/><\/div>\n\t\t<\/figure>\n\t<\/div>\n<\/div><\/div><\/div><div class=\"wpb_column vc_column_container vc_col-sm-4\"><div class=\"vc_column-inner\"><div class=\"wpb_wrapper\">\n\t<div  class=\"wpb_single_image wpb_content_element vc_align_left\">\n\t\t\n\t\t<figure class=\"wpb_wrapper vc_figure\">\n\t\t\t<div class=\"vc_single_image-wrapper   vc_box_border_grey\"><img class=\"vc_single_image-img\" src=\"https:\/\/athensjazz.gr\/wp-content\/uploads\/2023\/04\/800x800__DSC7318_1400-550x400.jpg\" width=\"550\" height=\"400\" alt=\"800x800__DSC7318_1400\" title=\"800x800__DSC7318_1400\" \/><\/div>\n\t\t<\/figure>\n\t<\/div>\n<\/div><\/div><\/div><div class=\"wpb_column vc_column_container vc_col-sm-4\"><div class=\"vc_column-inner\"><div class=\"wpb_wrapper\">\n\t<div  class=\"wpb_single_image wpb_content_element vc_align_left\">\n\t\t\n\t\t<figure class=\"wpb_wrapper vc_figure\">\n\t\t\t<div class=\"vc_single_image-wrapper   vc_box_border_grey\"><img class=\"vc_single_image-img\" src=\"https:\/\/athensjazz.gr\/wp-content\/uploads\/2023\/04\/800x800__DSC7310_1400-550x400.jpg\" width=\"550\" height=\"400\" alt=\"800x800__DSC7310_1400\" title=\"800x800__DSC7310_1400\" \/><\/div>\n\t\t<\/figure>\n\t<\/div>\n<\/div><\/div><\/div><\/div><\/div>","protected":false},"excerpt":{"rendered":"Veronika Harcsa &amp;Gy\u00e9m\u00e1nt B\u00e1lint (\u039f\u03c5\u03b3\u03b3\u03b1\u03c1\u03af\u03b1) Veronika Harcsa (\u03c6\u03c9\u03bd\u03ae), Gy\u00e9m\u00e1nt B\u00e1lint (\u03ba\u03b9\u03b8\u03ac\u03c1\u03b1) \u0397 \u039f\u03c5\u03b3\u03b3\u03c1\u03b9\u03ba\u03ae\u03c2 \u03ba\u03b1\u03c4\u03b1\u03b3\u03c9\u03b3\u03ae\u03c2 Veronika Harcsa \u03b5\u03af\u03bd\u03b1\u03b9 \u03bc\u03b9\u03b1 \u03c0\u03bf\u03bb\u03cd\u03c0\u03bb\u03b5\u03c5\u03c1\u03b7 \u03c4\u03c1\u03b1\u03b3\u03bf\u03c5\u03b4\u03af\u03c3\u03c4\u03c1\u03b9\u03b1...","protected":false},"author":1,"featured_media":0,"parent":0,"menu_order":0,"comment_status":"closed","ping_status":"closed","template":"full-width.php","meta":{"_seopress_robots_primary_cat":"","_seopress_titles_title":"","_seopress_titles_desc":"","_seopress_robots_index":"","_expiration-date-status":"","_expiration-date":0,"_expiration-date-type":"","_expiration-date-categories":[],"_expiration-date-options":[]},"acf":[],"_links":{"self":[{"href":"https:\/\/athensjazz.gr\/en\/wp-json\/wp\/v2\/pages\/11552"}],"collection":[{"href":"https:\/\/athensjazz.gr\/en\/wp-json\/wp\/v2\/pages"}],"about":[{"href":"https:\/\/athensjazz.gr\/en\/wp-json\/wp\/v2\/types\/page"}],"author":[{"embeddable":true,"href":"https:\/\/athensjazz.gr\/en\/wp-json\/wp\/v2\/users\/1"}],"replies":[{"embeddable":true,"href":"https:\/\/athensjazz.gr\/en\/wp-json\/wp\/v2\/comments?post=11552"}],"version-history":[{"count":3,"href":"https:\/\/athensjazz.gr\/en\/wp-json\/wp\/v2\/pages\/11552\/revisions"}],"predecessor-version":[{"id":11558,"href":"https:\/\/athensjazz.gr\/en\/wp-json\/wp\/v2\/pages\/11552\/revisions\/11558"}],"wp:attachment":[{"href":"https:\/\/athensjazz.gr\/en\/wp-json\/wp\/v2\/media?parent=11552"}],"curies":[{"name":"wp","href":"https:\/\/api.w.org\/{rel}","templated":true}]}}