{"id":11583,"date":"2023-04-21T14:30:22","date_gmt":"2023-04-21T11:30:22","guid":{"rendered":"https:\/\/athensjazz.gr\/?page_id=11583"},"modified":"2023-04-21T14:30:22","modified_gmt":"2023-04-21T11:30:22","slug":"beat-kaestlimarc-perrenoud-trio","status":"publish","type":"page","link":"https:\/\/athensjazz.gr\/en\/beat-kaestlimarc-perrenoud-trio\/","title":{"rendered":"Beat Kaestli &#038; Marc Perrenoud Trio"},"content":{"rendered":"<div class=\"vc_row wpb_row vc_row-fluid qodef-section vc_custom_1652090445565 qodef-content-aligment-left qodef-grid-section\" style=\"\"><div class=\"clearfix qodef-section-inner\"><div class=\"qodef-section-inner-margin clearfix\"><div class=\"wpb_column vc_column_container vc_col-sm-12\"><div class=\"vc_column-inner vc_custom_1491905695911\"><div class=\"wpb_wrapper\"><div class=\"qodef-elements-holder qodef-responsive-mode-768\" ><div class=\"qodef-elements-holder-item\" data-item-class=\"qodef-elements-holder-custom-549822\" data-1024-1280=\"0 14% 0 0\" data-600-768=\"0 0 0 0\" data-480-600=\"0 0 0 4%\" data-480=\"0 0 0 4%\" >\n\t<div class=\"qodef-elements-holder-item-inner\">\n\t\t<div class=\"qodef-elements-holder-item-content qodef-elements-holder-custom-549822\" style=\"padding: 0 35% 0 0\">\n\t\t\t\n\t<div class=\"wpb_text_column wpb_content_element  vc_custom_1682076321393\" >\n\t\t<div class=\"wpb_wrapper\">\n\t\t\t<h2><span style=\"color: #ffffff;\">Beat Kaestli &amp; Marc Perrenoud Trio (Switzerland)<\/span><\/h2>\n\n\t\t<\/div>\n\t<\/div>\n<div class=\"vc_empty_space\"   style=\"height: 10px\"><span class=\"vc_empty_space_inner\"><\/span><\/div>\n\t<div class=\"wpb_text_column wpb_content_element\" >\n\t\t<div class=\"wpb_wrapper\">\n\t\t\t<p class=\" translation-block\">Beat Kaestli (vocals, lyrics), Marc Perrenoud (piano, compositions), J\u00e9r\u00e9my Bruy\u00e8re (bass), Arthur Alard (drums)<\/p>\n\n\t\t<\/div>\n\t<\/div>\n<div class=\"qodef-separator-holder clearfix  qodef-separator-left\">\n\t<div class=\"qodef-separator\" style=\"border-color: #ffffff;border-style: solid;width: 32px;border-bottom-width: 6px;margin-top: 24px;margin-bottom: 25px\"><\/div>\n<\/div>\n\n\t<div class=\"wpb_text_column wpb_content_element  archive-artist-anchors\" >\n\t\t<div class=\"wpb_wrapper\">\n\t\t\t<p class=\"western\">Internationally acclaimed recording artist Beat Kaestli moved to New York City in 1993 and immersed himself in Manhattan\u2019s fiercely competitive music scene. Since 2006, he\u2019s been touring the world extensively. His first Live CD is scheduled for release in spring 2016. Marc Perrenoud began playing piano at the age of six. He studied in Geneva and Lausanne and graduated from the Ecole de Jazz in 2005. He has played with many musicians in some of the most important jazz festivals around the world. Born in the Paris suburbs, Arthur Alard was first involved with music at the age of six. He devoted himself to jazz and drums and, today, he engages in many musical collaborations, bringing on his original performing, related to his influences of African American culture. J\u00e9r\u00e9my Bruy\u00e8re, born in Lyon, France, is an acclaimed classical and jazz bassist, music educator and composer. He has played, recorded, and toured with numerous renowned jazz ensembles as well as classical orchestras.<\/p>\n\n\t\t<\/div>\n\t<\/div>\n<div class=\"vc_empty_space\"   style=\"height: 32px\"><span class=\"vc_empty_space_inner\"><\/span><\/div>\n    <span class=\"qodef-icon-shortcode normal\"  data-hover-color=\"#ffffff\">\n                    <a href=\"https:\/\/www.facebook.com\/profile.php?id=100063591720386\" target=\"_blank\">\n        \n        <span aria-hidden=\"true\" class=\"qodef-icon-font-elegant social_facebook qodef-icon-element\" style=\"font-size:14px\" ><\/span>\n                    <\/a>\n            <\/span>\n\n\n    <span class=\"qodef-icon-shortcode normal\"  data-hover-color=\"#ffffff\">\n                    <a href=\"http:\/\/www.beatkaestli.com\" target=\"_blank\">\n        \n        <span aria-hidden=\"true\" class=\"qodef-icon-font-elegant icon_document_alt qodef-icon-element\" style=\"font-size:14px\" ><\/span>\n                    <\/a>\n            <\/span>\n\n\n    <span class=\"qodef-icon-shortcode normal\"  data-hover-color=\"#ffffff\">\n                    <a href=\"http:\/\/www.marcperrenoud.com\/trio.html\" target=\"_blank\">\n        \n        <span aria-hidden=\"true\" class=\"qodef-icon-font-elegant icon_document_alt qodef-icon-element\" style=\"font-size:14px\" ><\/span>\n                    <\/a>\n            <\/span>\n\n\t\t<\/div>\n\t<\/div>\n<\/div><\/div><\/div><\/div><\/div><\/div><\/div><\/div><div class=\"vc_row wpb_row vc_row-fluid qodef-section vc_custom_1661935631573 qodef-content-aligment-left\" style=\"\"><div class=\"clearfix qodef-full-section-inner\"><div class=\"wpb_column vc_column_container vc_col-sm-4\"><div class=\"vc_column-inner\"><div class=\"wpb_wrapper\">\n\t<div  class=\"wpb_single_image wpb_content_element vc_align_left\">\n\t\t\n\t\t<figure class=\"wpb_wrapper vc_figure\">\n\t\t\t<div class=\"vc_single_image-wrapper   vc_box_border_grey\"><img class=\"vc_single_image-img\" src=\"https:\/\/athensjazz.gr\/wp-content\/uploads\/2023\/04\/800x800__DSC8405_1400-550x400.jpg\" width=\"550\" height=\"400\" alt=\"800x800__DSC8405_1400\" title=\"800x800__DSC8405_1400\" \/><\/div>\n\t\t<\/figure>\n\t<\/div>\n<\/div><\/div><\/div><div class=\"wpb_column vc_column_container vc_col-sm-4\"><div class=\"vc_column-inner\"><div class=\"wpb_wrapper\">\n\t<div  class=\"wpb_single_image wpb_content_element vc_align_left\">\n\t\t\n\t\t<figure class=\"wpb_wrapper vc_figure\">\n\t\t\t<div class=\"vc_single_image-wrapper   vc_box_border_grey\"><img class=\"vc_single_image-img\" src=\"https:\/\/athensjazz.gr\/wp-content\/uploads\/2023\/04\/800x800__DSC8574_1400-550x400.jpg\" width=\"550\" height=\"400\" alt=\"800x800__DSC8574_1400\" title=\"800x800__DSC8574_1400\" \/><\/div>\n\t\t<\/figure>\n\t<\/div>\n<\/div><\/div><\/div><div class=\"wpb_column vc_column_container vc_col-sm-4\"><div class=\"vc_column-inner\"><div class=\"wpb_wrapper\">\n\t<div  class=\"wpb_single_image wpb_content_element vc_align_left\">\n\t\t\n\t\t<figure class=\"wpb_wrapper vc_figure\">\n\t\t\t<div class=\"vc_single_image-wrapper   vc_box_border_grey\"><img class=\"vc_single_image-img\" src=\"https:\/\/athensjazz.gr\/wp-content\/uploads\/2023\/04\/800x800__DSC8502_1400-550x400.jpg\" width=\"550\" height=\"400\" alt=\"800x800__DSC8502_1400\" title=\"800x800__DSC8502_1400\" \/><\/div>\n\t\t<\/figure>\n\t<\/div>\n<\/div><\/div><\/div><\/div><\/div>","protected":false},"excerpt":{"rendered":"Beat Kaestli &amp; Marc Perrenoud Trio (\u0395\u03bb\u03b2\u03b5\u03c4\u03af\u03b1) Beat Kaestli (\u03c6\u03c9\u03bd\u03ae, \u03c3\u03c4\u03af\u03c7\u03bf\u03b9), Marc Perrenoud (\u03c0\u03b9\u03ac\u03bd\u03bf, \u03c3\u03cd\u03bd\u03b8\u03b5\u03c3\u03b7), J\u00e9r\u00e9my Bruy\u00e8re (\u03bc\u03c0\u03ac\u03c3\u03bf), Arthur Alard...","protected":false},"author":1,"featured_media":0,"parent":0,"menu_order":0,"comment_status":"closed","ping_status":"closed","template":"full-width.php","meta":{"_seopress_robots_primary_cat":"","_seopress_titles_title":"","_seopress_titles_desc":"","_seopress_robots_index":"","_expiration-date-status":"","_expiration-date":0,"_expiration-date-type":"","_expiration-date-categories":[],"_expiration-date-options":[]},"acf":[],"_links":{"self":[{"href":"https:\/\/athensjazz.gr\/en\/wp-json\/wp\/v2\/pages\/11583"}],"collection":[{"href":"https:\/\/athensjazz.gr\/en\/wp-json\/wp\/v2\/pages"}],"about":[{"href":"https:\/\/athensjazz.gr\/en\/wp-json\/wp\/v2\/types\/page"}],"author":[{"embeddable":true,"href":"https:\/\/athensjazz.gr\/en\/wp-json\/wp\/v2\/users\/1"}],"replies":[{"embeddable":true,"href":"https:\/\/athensjazz.gr\/en\/wp-json\/wp\/v2\/comments?post=11583"}],"version-history":[{"count":1,"href":"https:\/\/athensjazz.gr\/en\/wp-json\/wp\/v2\/pages\/11583\/revisions"}],"predecessor-version":[{"id":11589,"href":"https:\/\/athensjazz.gr\/en\/wp-json\/wp\/v2\/pages\/11583\/revisions\/11589"}],"wp:attachment":[{"href":"https:\/\/athensjazz.gr\/en\/wp-json\/wp\/v2\/media?parent=11583"}],"curies":[{"name":"wp","href":"https:\/\/api.w.org\/{rel}","templated":true}]}}