{"id":11770,"date":"2023-04-27T13:26:25","date_gmt":"2023-04-27T10:26:25","guid":{"rendered":"https:\/\/athensjazz.gr\/?page_id=11770"},"modified":"2023-04-27T13:35:15","modified_gmt":"2023-04-27T10:35:15","slug":"veronica-harcsa-balint-gyemant-22","status":"publish","type":"page","link":"https:\/\/athensjazz.gr\/en\/veronica-harcsa-balint-gyemant-22\/","title":{"rendered":"VERONIKA HARCSA &#038; BALINT GYEMANT"},"content":{"rendered":"<div class=\"vc_row wpb_row vc_row-fluid qodef-section vc_custom_1652090445565 qodef-content-aligment-left qodef-grid-section\" style=\"\"><div class=\"clearfix qodef-section-inner\"><div class=\"qodef-section-inner-margin clearfix\"><div class=\"wpb_column vc_column_container vc_col-sm-12\"><div class=\"vc_column-inner vc_custom_1491905695911\"><div class=\"wpb_wrapper\"><div class=\"qodef-elements-holder qodef-responsive-mode-768\" ><div class=\"qodef-elements-holder-item\" data-item-class=\"qodef-elements-holder-custom-737049\" data-1024-1280=\"0 14% 0 0\" data-600-768=\"0 0 0 0\" data-480-600=\"0 0 0 4%\" data-480=\"0 0 0 4%\" >\n\t<div class=\"qodef-elements-holder-item-inner\">\n\t\t<div class=\"qodef-elements-holder-item-content qodef-elements-holder-custom-737049\" style=\"padding: 0 35% 0 0\">\n\t\t\t\n\t<div class=\"wpb_text_column wpb_content_element  vc_custom_1682591036579\" >\n\t\t<div class=\"wpb_wrapper\">\n\t\t\t<h2><span style=\"color: #ffffff;\">VERONIKA HARCSA (Hungary)<\/span><\/h2>\n\n\t\t<\/div>\n\t<\/div>\n<div class=\"vc_empty_space\"   style=\"height: 10px\"><span class=\"vc_empty_space_inner\"><\/span><\/div><div class=\"qodef-separator-holder clearfix  qodef-separator-left\">\n\t<div class=\"qodef-separator\" style=\"border-color: #ffffff;border-style: solid;width: 32px;border-bottom-width: 6px;margin-top: 24px;margin-bottom: 25px\"><\/div>\n<\/div>\n\n\t<div class=\"wpb_text_column wpb_content_element  archive-artist-anchors\" >\n\t\t<div class=\"wpb_wrapper\">\n\t\t\t<p class=\"western\">Veronika Harcsa is a particular singer and songwriter who stands out in the Hungarian \u2013 and Central European \u2013 jazz scene due to her exceptional performances, clarity and ability to capture a wide range of emotions without being particularly fond of labels. Her voice and music travel straight from her heart to the audiences' ears, who can enjoy them listening to her numerous albums, attending her concerts around the globe and feeling proud of her for her multiple distinctions over the last two decades in both contemporary and classical jazz. One of Veronika Harcsa's most important projects is her collaboration with guitarist B\u00e1lint Gy\u00e9m\u00e1nt, with whom she produced her latest album, \u201cAbout Time\u201d, released last fall.<\/p>\n\n\t\t<\/div>\n\t<\/div>\n<div class=\"vc_empty_space\"   style=\"height: 32px\"><span class=\"vc_empty_space_inner\"><\/span><\/div>\n    <span class=\"qodef-icon-shortcode normal\"  data-hover-color=\"#ffffff\">\n                    <a href=\"https:\/\/www.facebook.com\/harcsaveronika\" target=\"_blank\">\n        \n        <span aria-hidden=\"true\" class=\"qodef-icon-font-elegant social_facebook qodef-icon-element\" style=\"font-size:14px\" ><\/span>\n                    <\/a>\n            <\/span>\n\n\n    <span class=\"qodef-icon-shortcode normal\"  data-hover-color=\"#ffffff\">\n                    <a href=\"https:\/\/www.instagram.com\/harcsaveronika\/?hl=el\" target=\"_blank\">\n        \n        <span aria-hidden=\"true\" class=\"qodef-icon-font-elegant social_instagram qodef-icon-element\" style=\"font-size:14px\" ><\/span>\n                    <\/a>\n            <\/span>\n\n\t\t<\/div>\n\t<\/div>\n<\/div><\/div><\/div><\/div><\/div><\/div><\/div><\/div>","protected":false},"excerpt":{"rendered":"VERONIKA HARCSA &amp; BALINT GYEMANT (\u039f\u03c5\u03b3\u03b3\u03b1\u03c1\u03af\u03b1) \u039c\u03b9\u03b1 \u03b9\u03b4\u03b9\u03b1\u03af\u03c4\u03b5\u03c1\u03b7 \u03c4\u03c1\u03b1\u03b3\u03bf\u03c5\u03b4\u03af\u03c3\u03c4\u03c1\u03b9\u03b1 \u03ba\u03b1\u03b9 \u03c4\u03c1\u03b1\u03b3\u03bf\u03c5\u03b4\u03bf\u03c0\u03bf\u03b9\u03cc\u03c2 \u03c0\u03bf\u03c5 \u03be\u03b5\u03c7\u03c9\u03c1\u03af\u03b6\u03b5\u03b9 \u03c3\u03c4\u03b7\u03bd \u03bf\u03c5\u03b3\u03b3\u03c1\u03b9\u03ba\u03ae \u2013 \u03ba\u03b1\u03b9 \u03b3\u03b5\u03bd\u03b9\u03ba\u03cc\u03c4\u03b5\u03c1\u03b1 \u03ba\u03b5\u03bd\u03c4\u03c1\u03bf\u03b5\u03c5\u03c1\u03c9\u03c0\u03b1\u03ca\u03ba\u03ae \u2013...","protected":false},"author":1,"featured_media":0,"parent":0,"menu_order":0,"comment_status":"closed","ping_status":"closed","template":"full-width.php","meta":{"_seopress_robots_primary_cat":"","_seopress_titles_title":"","_seopress_titles_desc":"","_seopress_robots_index":"","_expiration-date-status":"","_expiration-date":0,"_expiration-date-type":"","_expiration-date-categories":[],"_expiration-date-options":[]},"acf":[],"_links":{"self":[{"href":"https:\/\/athensjazz.gr\/en\/wp-json\/wp\/v2\/pages\/11770"}],"collection":[{"href":"https:\/\/athensjazz.gr\/en\/wp-json\/wp\/v2\/pages"}],"about":[{"href":"https:\/\/athensjazz.gr\/en\/wp-json\/wp\/v2\/types\/page"}],"author":[{"embeddable":true,"href":"https:\/\/athensjazz.gr\/en\/wp-json\/wp\/v2\/users\/1"}],"replies":[{"embeddable":true,"href":"https:\/\/athensjazz.gr\/en\/wp-json\/wp\/v2\/comments?post=11770"}],"version-history":[{"count":2,"href":"https:\/\/athensjazz.gr\/en\/wp-json\/wp\/v2\/pages\/11770\/revisions"}],"predecessor-version":[{"id":11772,"href":"https:\/\/athensjazz.gr\/en\/wp-json\/wp\/v2\/pages\/11770\/revisions\/11772"}],"wp:attachment":[{"href":"https:\/\/athensjazz.gr\/en\/wp-json\/wp\/v2\/media?parent=11770"}],"curies":[{"name":"wp","href":"https:\/\/api.w.org\/{rel}","templated":true}]}}