{"id":11789,"date":"2023-04-27T14:02:18","date_gmt":"2023-04-27T11:02:18","guid":{"rendered":"https:\/\/athensjazz.gr\/?page_id=11789"},"modified":"2023-05-23T10:13:58","modified_gmt":"2023-05-23T07:13:58","slug":"tygroo-22","status":"publish","type":"page","link":"https:\/\/athensjazz.gr\/en\/tygroo-22\/","title":{"rendered":"TYGROO"},"content":{"rendered":"<div class=\"vc_row wpb_row vc_row-fluid qodef-section vc_custom_1652090445565 qodef-content-aligment-left qodef-grid-section\" style=\"\"><div class=\"clearfix qodef-section-inner\"><div class=\"qodef-section-inner-margin clearfix\"><div class=\"wpb_column vc_column_container vc_col-sm-12\"><div class=\"vc_column-inner vc_custom_1491905695911\"><div class=\"wpb_wrapper\"><div class=\"qodef-elements-holder qodef-responsive-mode-768\" ><div class=\"qodef-elements-holder-item\" data-item-class=\"qodef-elements-holder-custom-996535\" data-1024-1280=\"0 14% 0 0\" data-600-768=\"0 0 0 0\" data-480-600=\"0 0 0 4%\" data-480=\"0 0 0 4%\" >\n\t<div class=\"qodef-elements-holder-item-inner\">\n\t\t<div class=\"qodef-elements-holder-item-content qodef-elements-holder-custom-996535\" style=\"padding: 0 35% 0 0\">\n\t\t\t\n\t<div class=\"wpb_text_column wpb_content_element  vc_custom_1682593232233\" >\n\t\t<div class=\"wpb_wrapper\">\n\t\t\t<h2><span style=\"color: #ffffff;\">TYGROO (Czech Republic)<\/span><\/h2>\n\n\t\t<\/div>\n\t<\/div>\n<div class=\"vc_empty_space\"   style=\"height: 10px\"><span class=\"vc_empty_space_inner\"><\/span><\/div>\n\t<div class=\"wpb_text_column wpb_content_element\" >\n\t\t<div class=\"wpb_wrapper\">\n\t\t\t<p><em>Vojt\u011bch Stolbenko (drums, goblet drum, hang drum), Simon Jan\u00e1k (helicon, vocals), David Lomi\u010d (saxophone, accordion, rap), Mat\u011bj Heinzl (saxophone, clarinet, rap)<\/em><\/p>\n\n\t\t<\/div>\n\t<\/div>\n<div class=\"qodef-separator-holder clearfix  qodef-separator-left\">\n\t<div class=\"qodef-separator\" style=\"border-color: #ffffff;border-style: solid;width: 32px;border-bottom-width: 6px;margin-top: 24px;margin-bottom: 25px\"><\/div>\n<\/div>\n\n\t<div class=\"wpb_text_column wpb_content_element  archive-artist-anchors\" >\n\t\t<div class=\"wpb_wrapper\">\n\t\t\t<p>The band\u2019s music is overwhelmed with strange or even unnatural combinations of traditional music \u2013 such as the various Balkan ones or Jewish klezmer \u2013 and modern musical approaches and expressions belonging to funk, hip hop, disco, dubstep or electro-pop forms, always having as their goal and incentive to give something new and original through the creativity and ingenuity of music. The band consists mainly of wind and percussion. Usually, its performances lead us through unpredictable and unexpected musical \u201cepisodes\u201d in an ecstatic \/ dance process which the group members consciously integrate into awakening primordial rituals with modern aesthetic efficiency. An exciting jazz experience not to be missed!<\/p>\n\n\t\t<\/div>\n\t<\/div>\n<div class=\"vc_empty_space\"   style=\"height: 32px\"><span class=\"vc_empty_space_inner\"><\/span><\/div>\n    <span class=\"qodef-icon-shortcode normal\"  data-hover-color=\"#ffffff\">\n                    <a href=\"https:\/\/www.facebook.com\/tygrooband\" target=\"_blank\">\n        \n        <span aria-hidden=\"true\" class=\"qodef-icon-font-elegant social_facebook qodef-icon-element\" style=\"font-size:14px\" ><\/span>\n                    <\/a>\n            <\/span>\n\n\n    <span class=\"qodef-icon-shortcode normal\"  data-hover-color=\"#ffffff\">\n                    <a href=\"https:\/\/www.instagram.com\/tygroo_music\/?hl=el\" target=\"_blank\">\n        \n        <span aria-hidden=\"true\" class=\"qodef-icon-font-elegant social_instagram qodef-icon-element\" style=\"font-size:14px\" ><\/span>\n                    <\/a>\n            <\/span>\n\n\t\t<\/div>\n\t<\/div>\n<\/div><\/div><\/div><\/div><\/div><\/div><\/div><\/div>","protected":false},"excerpt":{"rendered":"TYGROO (\u03a4\u03c3\u03b5\u03c7\u03af\u03b1) Vojt\u011bch Stolbenko (\u03bd\u03c4\u03c1\u03b1\u03bc\u03c2, \u03c4\u03bf\u03c5\u03bc\u03c0\u03b5\u03bb\u03ad\u03ba\u03b9, hang drum), Simon Jan\u00e1k (helicon, \u03c6\u03c9\u03bd\u03b7\u03c4\u03b9\u03ba\u03ac), David Lomi\u010d (\u03c3\u03b1\u03be\u03cc\u03c6\u03c9\u03bd\u03bf, \u03b1\u03ba\u03bf\u03c1\u03bd\u03c4\u03b5\u03cc\u03bd, \u03c1\u03b1\u03c0), Mat\u011bj Heinzl (\u03c3\u03b1\u03be\u03cc\u03c6\u03c9\u03bd\u03bf,...","protected":false},"author":1,"featured_media":0,"parent":0,"menu_order":0,"comment_status":"closed","ping_status":"closed","template":"full-width.php","meta":{"_seopress_robots_primary_cat":"","_seopress_titles_title":"","_seopress_titles_desc":"","_seopress_robots_index":"","_expiration-date-status":"","_expiration-date":0,"_expiration-date-type":"","_expiration-date-categories":[],"_expiration-date-options":[]},"acf":[],"_links":{"self":[{"href":"https:\/\/athensjazz.gr\/en\/wp-json\/wp\/v2\/pages\/11789"}],"collection":[{"href":"https:\/\/athensjazz.gr\/en\/wp-json\/wp\/v2\/pages"}],"about":[{"href":"https:\/\/athensjazz.gr\/en\/wp-json\/wp\/v2\/types\/page"}],"author":[{"embeddable":true,"href":"https:\/\/athensjazz.gr\/en\/wp-json\/wp\/v2\/users\/1"}],"replies":[{"embeddable":true,"href":"https:\/\/athensjazz.gr\/en\/wp-json\/wp\/v2\/comments?post=11789"}],"version-history":[{"count":3,"href":"https:\/\/athensjazz.gr\/en\/wp-json\/wp\/v2\/pages\/11789\/revisions"}],"predecessor-version":[{"id":12098,"href":"https:\/\/athensjazz.gr\/en\/wp-json\/wp\/v2\/pages\/11789\/revisions\/12098"}],"wp:attachment":[{"href":"https:\/\/athensjazz.gr\/en\/wp-json\/wp\/v2\/media?parent=11789"}],"curies":[{"name":"wp","href":"https:\/\/api.w.org\/{rel}","templated":true}]}}