{"id":12560,"date":"2023-07-28T14:56:04","date_gmt":"2023-07-28T11:56:04","guid":{"rendered":"https:\/\/athensjazz.gr\/?page_id=12560"},"modified":"2023-07-28T14:56:04","modified_gmt":"2023-07-28T11:56:04","slug":"katarina-koscova-the-illusions-trio","status":"publish","type":"page","link":"https:\/\/athensjazz.gr\/en\/katarina-koscova-the-illusions-trio\/","title":{"rendered":"Katarina Koscova &#038; The Illusions Trio"},"content":{"rendered":"<div class=\"vc_row wpb_row vc_row-fluid qodef-section vc_custom_1652090445565 qodef-content-aligment-left qodef-grid-section\" style=\"\"><div class=\"clearfix qodef-section-inner\"><div class=\"qodef-section-inner-margin clearfix\"><div class=\"wpb_column vc_column_container vc_col-sm-12\"><div class=\"vc_column-inner vc_custom_1491905695911\"><div class=\"wpb_wrapper\"><div class=\"qodef-elements-holder qodef-responsive-mode-768\" ><div class=\"qodef-elements-holder-item\" data-item-class=\"qodef-elements-holder-custom-372070\" data-1024-1280=\"0 14% 0 0\" data-600-768=\"0 0 0 0\" data-480-600=\"0 0 0 4%\" data-480=\"0 0 0 4%\" >\n\t<div class=\"qodef-elements-holder-item-inner\">\n\t\t<div class=\"qodef-elements-holder-item-content qodef-elements-holder-custom-372070\" style=\"padding: 0 35% 0 0\">\n\t\t\t\n\t<div class=\"wpb_text_column wpb_content_element  vc_custom_1690545317997\" >\n\t\t<div class=\"wpb_wrapper\">\n\t\t\t<h2><span style=\"color: #ffffff;\">Katarina Koscova &amp; The Illusions Trio (Slovakia)<\/span><\/h2>\n\n\t\t<\/div>\n\t<\/div>\n<div class=\"vc_empty_space\"   style=\"height: 10px\"><span class=\"vc_empty_space_inner\"><\/span><\/div><div class=\"qodef-separator-holder clearfix  qodef-separator-left\">\n\t<div class=\"qodef-separator\" style=\"border-color: #ffffff;border-style: solid;width: 32px;border-bottom-width: 6px;margin-top: 24px;margin-bottom: 25px\"><\/div>\n<\/div>\n\n\t<div class=\"wpb_text_column wpb_content_element  archive-artist-anchors\" >\n\t\t<div class=\"wpb_wrapper\">\n\t\t\t<p>Singer Katar\u00edna Ko\u0161\u010dov\u00e1's career began in 2005, when she won her country's first Super Idol. But her approach to music is different from what one would expect from the winner of such a TV competition \/ show.<\/p>\n<p>Its goal is always quality music and the elements that characterize it have to do with jazz, folk, chanson etc. Katarina writes her lyrics in Slovak and always draws from the folk traditions of her homeland. With her is the Illusions Trio, a group that plays on the border of jazz, rock and funk. It was created in 2008 by Andrej Karlik guitar and Michal Fedor drums, two young musicians who have already distinguished themselves on the Slovak scene. The Illusions Trio is completed by bassist Jozef Cingel and together the group has been distinguished at the well-known competition Bratislava Jazz Days 2010...<\/p>\n\n\t\t<\/div>\n\t<\/div>\n<div class=\"vc_empty_space\"   style=\"height: 32px\"><span class=\"vc_empty_space_inner\"><\/span><\/div>\t\t<\/div>\n\t<\/div>\n<\/div><\/div><\/div><\/div><\/div><\/div><\/div><\/div>","protected":false},"excerpt":{"rendered":"Katarina Koscova &amp; The Illusions Trio (\u03a3\u03bb\u03bf\u03b2\u03b1\u03ba\u03af\u03b1) \u0397 \u03ba\u03b1\u03c1\u03b9\u03ad\u03c1\u03b1 \u03c4\u03b7\u03c2 \u03c4\u03c1\u03b1\u03b3\u03bf\u03c5\u03b4\u03af\u03c3\u03c4\u03c1\u03b9\u03b1\u03c2 Katar\u00edna Ko\u0161\u010dov\u00e1 \u03be\u03b5\u03ba\u03af\u03bd\u03b7\u03c3\u03b5 \u03c4\u03bf 2005, \u03cc\u03c4\u03b1\u03bd \u03ba\u03ad\u03c1\u03b4\u03b9\u03c3\u03b5 \u03c3\u03c4\u03bf \u03c0\u03c1\u03ce\u03c4\u03bf...","protected":false},"author":1,"featured_media":0,"parent":0,"menu_order":0,"comment_status":"closed","ping_status":"closed","template":"full-width.php","meta":{"_seopress_robots_primary_cat":"","_seopress_titles_title":"","_seopress_titles_desc":"","_seopress_robots_index":"","_expiration-date-status":"","_expiration-date":0,"_expiration-date-type":"","_expiration-date-categories":[],"_expiration-date-options":[]},"acf":[],"_links":{"self":[{"href":"https:\/\/athensjazz.gr\/en\/wp-json\/wp\/v2\/pages\/12560"}],"collection":[{"href":"https:\/\/athensjazz.gr\/en\/wp-json\/wp\/v2\/pages"}],"about":[{"href":"https:\/\/athensjazz.gr\/en\/wp-json\/wp\/v2\/types\/page"}],"author":[{"embeddable":true,"href":"https:\/\/athensjazz.gr\/en\/wp-json\/wp\/v2\/users\/1"}],"replies":[{"embeddable":true,"href":"https:\/\/athensjazz.gr\/en\/wp-json\/wp\/v2\/comments?post=12560"}],"version-history":[{"count":1,"href":"https:\/\/athensjazz.gr\/en\/wp-json\/wp\/v2\/pages\/12560\/revisions"}],"predecessor-version":[{"id":12561,"href":"https:\/\/athensjazz.gr\/en\/wp-json\/wp\/v2\/pages\/12560\/revisions\/12561"}],"wp:attachment":[{"href":"https:\/\/athensjazz.gr\/en\/wp-json\/wp\/v2\/media?parent=12560"}],"curies":[{"name":"wp","href":"https:\/\/api.w.org\/{rel}","templated":true}]}}