{"id":12649,"date":"2023-08-02T12:51:54","date_gmt":"2023-08-02T09:51:54","guid":{"rendered":"https:\/\/athensjazz.gr\/?page_id=12649"},"modified":"2023-08-02T12:51:54","modified_gmt":"2023-08-02T09:51:54","slug":"bardolino","status":"publish","type":"page","link":"https:\/\/athensjazz.gr\/en\/bardolino\/","title":{"rendered":"Bardolino"},"content":{"rendered":"<div class=\"vc_row wpb_row vc_row-fluid qodef-section vc_custom_1652090445565 qodef-content-aligment-left qodef-grid-section\" style=\"\"><div class=\"clearfix qodef-section-inner\"><div class=\"qodef-section-inner-margin clearfix\"><div class=\"wpb_column vc_column_container vc_col-sm-12\"><div class=\"vc_column-inner vc_custom_1491905695911\"><div class=\"wpb_wrapper\"><div class=\"qodef-elements-holder qodef-responsive-mode-768\" ><div class=\"qodef-elements-holder-item\" data-item-class=\"qodef-elements-holder-custom-202614\" data-1024-1280=\"0 14% 0 0\" data-600-768=\"0 0 0 0\" data-480-600=\"0 0 0 4%\" data-480=\"0 0 0 4%\" >\n\t<div class=\"qodef-elements-holder-item-inner\">\n\t\t<div class=\"qodef-elements-holder-item-content qodef-elements-holder-custom-202614\" style=\"padding: 0 35% 0 0\">\n\t\t\t\n\t<div class=\"wpb_text_column wpb_content_element  vc_custom_1690969877930\" >\n\t\t<div class=\"wpb_wrapper\">\n\t\t\t<h2><span style=\"color: #ffffff;\">Bardolino (Czech Republic) <\/span><\/h2>\n\n\t\t<\/div>\n\t<\/div>\n<div class=\"vc_empty_space\"   style=\"height: 10px\"><span class=\"vc_empty_space_inner\"><\/span><\/div><div class=\"qodef-separator-holder clearfix  qodef-separator-left\">\n\t<div class=\"qodef-separator\" style=\"border-color: #ffffff;border-style: solid;width: 32px;border-bottom-width: 6px;margin-top: 24px;margin-bottom: 25px\"><\/div>\n<\/div>\n\n\t<div class=\"wpb_text_column wpb_content_element  archive-artist-anchors\" >\n\t\t<div class=\"wpb_wrapper\">\n\t\t\t<p class=\"western translation-block\">This is an idiosyncratic - and peculiar - group that comes, after the \"modern\" choices of computers and remixes, to bring back the beautiful approach to music, re-approaching the diverse roots of cultures and music. Dividing his repertoire between classical and original compositions, Margit Klep\u00e1\u010dov\u00e1 on cello, Pavel Fischer on violin and Camilo Caller on percussion, create music of high beauty and strong emotional intensity \u2013 which makes their audience participate in a journey of senses and imagination in diverse and meaningful sources of folk, jazz, classical and contemporary music. All three are musicians with many years of creative, performing and teaching experience, and with presence in a variety of contemporary, jazz and pop music groups and ensembles.<\/p>\n\n\t\t<\/div>\n\t<\/div>\n<div class=\"vc_empty_space\"   style=\"height: 32px\"><span class=\"vc_empty_space_inner\"><\/span><\/div>\t\t<\/div>\n\t<\/div>\n<\/div><\/div><\/div><\/div><\/div><\/div><\/div><\/div>","protected":false},"excerpt":{"rendered":"Bardolino (\u03a4\u03c3\u03b5\u03c7\u03af\u03b1) \u03a0\u03c1\u03cc\u03ba\u03b5\u03b9\u03c4\u03b1\u03b9 \u03b3\u03b9\u03b1 \u03ad\u03bd\u03b1 \u03b9\u03b4\u03b9\u03cc\u03c4\u03c5\u03c0\u03bf\u00a0 - \u03ba\u03b1\u03b9 \u03b9\u03b4\u03b9\u03cc\u03bc\u03bf\u03c1\u03c6\u03bf \u2013 \u03b3\u03ba\u03c1\u03bf\u03c5\u03c0 \u03c0\u03bf\u03c5 \u03ad\u03c1\u03c7\u03b5\u03c4\u03b1\u03b9, \u03bc\u03b5\u03c4\u03ac \u03c4\u03b9\u03c2 \u00ab\u03c3\u03cd\u03b3\u03c7\u03c1\u03bf\u03bd\u03b5\u03c2\u00bb \u03b5\u03c0\u03b9\u03bb\u03bf\u03b3\u03ad\u03c2 \u03c4\u03c9\u03bd computer \u03ba\u03b1\u03b9...","protected":false},"author":1,"featured_media":0,"parent":0,"menu_order":0,"comment_status":"closed","ping_status":"closed","template":"full-width.php","meta":{"_seopress_robots_primary_cat":"","_seopress_titles_title":"","_seopress_titles_desc":"","_seopress_robots_index":"","_expiration-date-status":"","_expiration-date":0,"_expiration-date-type":"","_expiration-date-categories":[],"_expiration-date-options":[]},"acf":[],"_links":{"self":[{"href":"https:\/\/athensjazz.gr\/en\/wp-json\/wp\/v2\/pages\/12649"}],"collection":[{"href":"https:\/\/athensjazz.gr\/en\/wp-json\/wp\/v2\/pages"}],"about":[{"href":"https:\/\/athensjazz.gr\/en\/wp-json\/wp\/v2\/types\/page"}],"author":[{"embeddable":true,"href":"https:\/\/athensjazz.gr\/en\/wp-json\/wp\/v2\/users\/1"}],"replies":[{"embeddable":true,"href":"https:\/\/athensjazz.gr\/en\/wp-json\/wp\/v2\/comments?post=12649"}],"version-history":[{"count":1,"href":"https:\/\/athensjazz.gr\/en\/wp-json\/wp\/v2\/pages\/12649\/revisions"}],"predecessor-version":[{"id":12650,"href":"https:\/\/athensjazz.gr\/en\/wp-json\/wp\/v2\/pages\/12649\/revisions\/12650"}],"wp:attachment":[{"href":"https:\/\/athensjazz.gr\/en\/wp-json\/wp\/v2\/media?parent=12649"}],"curies":[{"name":"wp","href":"https:\/\/api.w.org\/{rel}","templated":true}]}}