{"id":13801,"date":"2024-04-19T10:50:38","date_gmt":"2024-04-19T07:50:38","guid":{"rendered":"https:\/\/athensjazz.gr\/?page_id=13801"},"modified":"2024-04-19T10:50:38","modified_gmt":"2024-04-19T07:50:38","slug":"julia-karosi","status":"publish","type":"page","link":"https:\/\/athensjazz.gr\/en\/julia-karosi\/","title":{"rendered":"J\u00falia Karosi"},"content":{"rendered":"<div class=\"vc_row wpb_row vc_row-fluid qodef-section vc_custom_1652090445565 qodef-content-aligment-left qodef-grid-section\" style=\"\"><div class=\"clearfix qodef-section-inner\"><div class=\"qodef-section-inner-margin clearfix\"><div class=\"wpb_column vc_column_container vc_col-sm-12\"><div class=\"vc_column-inner vc_custom_1491905695911\"><div class=\"wpb_wrapper\"><div class=\"qodef-elements-holder qodef-responsive-mode-768\" ><div class=\"qodef-elements-holder-item\" data-item-class=\"qodef-elements-holder-custom-196934\" data-1024-1280=\"0 14% 0 0\" data-600-768=\"0 0 0 0\" data-480-600=\"0 0 0 4%\" data-480=\"0 0 0 4%\" >\n\t<div class=\"qodef-elements-holder-item-inner\">\n\t\t<div class=\"qodef-elements-holder-item-content qodef-elements-holder-custom-196934\" style=\"padding: 0 35% 0 0\">\n\t\t\t\n\t<div class=\"wpb_text_column wpb_content_element  vc_custom_1713512958864\" >\n\t\t<div class=\"wpb_wrapper\">\n\t\t\t<h2><span style=\"color: #ffffff;\">J\u00falia Karosi (Hungary)<\/span><\/h2>\n\n\t\t<\/div>\n\t<\/div>\n<div class=\"vc_empty_space\"   style=\"height: 10px\"><span class=\"vc_empty_space_inner\"><\/span><\/div>\n\t<div class=\"wpb_text_column wpb_content_element\" >\n\t\t<div class=\"wpb_wrapper\">\n\t\t\t<p class=\" translation-block\">J\u00falia Karosi (song), Kriszti\u00e1n Ol\u00e1h (piano), M\u00e1rton So\u00f3s (double bass), Bendeg\u00faz Varga (drums)<\/p>\n\n\t\t<\/div>\n\t<\/div>\n<div class=\"qodef-separator-holder clearfix  qodef-separator-left\">\n\t<div class=\"qodef-separator\" style=\"border-color: #ffffff;border-style: solid;width: 32px;border-bottom-width: 6px;margin-top: 24px;margin-bottom: 25px\"><\/div>\n<\/div>\n\n\t<div class=\"wpb_text_column wpb_content_element  archive-artist-anchors\" >\n\t\t<div class=\"wpb_wrapper\">\n\t\t\t<p class=\" translation-block\">At the forefront of this quartet is J\u00falia Karosi, who, over the last 15 years, has emerged as one of the top jazz performers in her country. Beyond her undisputed qualities and technical skills as a singer, perhaps the group's most exciting element is how it brings Hungarian music tradition to the present day by incorporating it into a classical jazz environment. In its discography, we find both new original compositions and \"reimaginations\" of folk songs from their country coming from great local composers. This is also expected in the group's upcoming project that skillfully balances its local past and the international present.<\/p>\n\n\t\t<\/div>\n\t<\/div>\n<div class=\"vc_empty_space\"   style=\"height: 32px\"><span class=\"vc_empty_space_inner\"><\/span><\/div>\t\t<\/div>\n\t<\/div>\n<\/div><\/div><\/div><\/div><\/div><\/div><\/div><\/div>","protected":false},"excerpt":{"rendered":"J\u00falia Karosi (\u039f\u03c5\u03b3\u03b3\u03b1\u03c1\u03af\u03b1) J\u00falia Karosi (\u03c4\u03c1\u03b1\u03b3\u03bf\u03cd\u03b4\u03b9), Kriszti\u00e1n Ol\u00e1h (\u03c0\u03b9\u03ac\u03bd\u03bf), M\u00e1rton So\u00f3s (\u03ba\u03bf\u03bd\u03c4\u03c1\u03b1\u03bc\u03c0\u03ac\u03c3\u03bf), Bendeg\u00faz Varga (\u03bd\u03c4\u03c1\u03b1\u03bc\u03c2) \u03a3\u03c4\u03b7\u03bd \u03b1\u03b9\u03c7\u03bc\u03ae \u03b1\u03c5\u03c4\u03bf\u03cd \u03c4\u03bf\u03c5 \u03ba\u03bf\u03c5\u03b1\u03c1\u03c4\u03ad\u03c4\u03bf\u03c5...","protected":false},"author":1,"featured_media":0,"parent":0,"menu_order":0,"comment_status":"closed","ping_status":"closed","template":"full-width.php","meta":{"_seopress_robots_primary_cat":"","_seopress_titles_title":"","_seopress_titles_desc":"","_seopress_robots_index":"","_expiration-date-status":"","_expiration-date":0,"_expiration-date-type":"","_expiration-date-categories":[],"_expiration-date-options":[]},"acf":[],"_links":{"self":[{"href":"https:\/\/athensjazz.gr\/en\/wp-json\/wp\/v2\/pages\/13801"}],"collection":[{"href":"https:\/\/athensjazz.gr\/en\/wp-json\/wp\/v2\/pages"}],"about":[{"href":"https:\/\/athensjazz.gr\/en\/wp-json\/wp\/v2\/types\/page"}],"author":[{"embeddable":true,"href":"https:\/\/athensjazz.gr\/en\/wp-json\/wp\/v2\/users\/1"}],"replies":[{"embeddable":true,"href":"https:\/\/athensjazz.gr\/en\/wp-json\/wp\/v2\/comments?post=13801"}],"version-history":[{"count":1,"href":"https:\/\/athensjazz.gr\/en\/wp-json\/wp\/v2\/pages\/13801\/revisions"}],"predecessor-version":[{"id":13802,"href":"https:\/\/athensjazz.gr\/en\/wp-json\/wp\/v2\/pages\/13801\/revisions\/13802"}],"wp:attachment":[{"href":"https:\/\/athensjazz.gr\/en\/wp-json\/wp\/v2\/media?parent=13801"}],"curies":[{"name":"wp","href":"https:\/\/api.w.org\/{rel}","templated":true}]}}