{"id":13803,"date":"2024-04-19T10:53:25","date_gmt":"2024-04-19T07:53:25","guid":{"rendered":"https:\/\/athensjazz.gr\/?page_id=13803"},"modified":"2024-04-19T10:53:25","modified_gmt":"2024-04-19T07:53:25","slug":"leon-phal","status":"publish","type":"page","link":"https:\/\/athensjazz.gr\/en\/leon-phal\/","title":{"rendered":"L\u00e9on Phal"},"content":{"rendered":"<div class=\"vc_row wpb_row vc_row-fluid qodef-section vc_custom_1652090445565 qodef-content-aligment-left qodef-grid-section\" style=\"\"><div class=\"clearfix qodef-section-inner\"><div class=\"qodef-section-inner-margin clearfix\"><div class=\"wpb_column vc_column_container vc_col-sm-12\"><div class=\"vc_column-inner vc_custom_1491905695911\"><div class=\"wpb_wrapper\"><div class=\"qodef-elements-holder qodef-responsive-mode-768\" ><div class=\"qodef-elements-holder-item\" data-item-class=\"qodef-elements-holder-custom-327754\" data-1024-1280=\"0 14% 0 0\" data-600-768=\"0 0 0 0\" data-480-600=\"0 0 0 4%\" data-480=\"0 0 0 4%\" >\n\t<div class=\"qodef-elements-holder-item-inner\">\n\t\t<div class=\"qodef-elements-holder-item-content qodef-elements-holder-custom-327754\" style=\"padding: 0 35% 0 0\">\n\t\t\t\n\t<div class=\"wpb_text_column wpb_content_element  vc_custom_1713513146824\" >\n\t\t<div class=\"wpb_wrapper\">\n\t\t\t<h2><span style=\"color: #ffffff;\">L\u00e9on Phal (France)<\/span><\/h2>\n\n\t\t<\/div>\n\t<\/div>\n<div class=\"vc_empty_space\"   style=\"height: 10px\"><span class=\"vc_empty_space_inner\"><\/span><\/div>\n\t<div class=\"wpb_text_column wpb_content_element\" >\n\t\t<div class=\"wpb_wrapper\">\n\t\t\t<p class=\" translation-block\">L\u00e9on Phal (saxophone), Zacharie Ksyk (trumpet), Arthur Alard (drums), R\u00e9mi Bouyssi\u00e8re (bass), Andrew Audiger (piano)<\/p>\n\n\t\t<\/div>\n\t<\/div>\n<div class=\"qodef-separator-holder clearfix  qodef-separator-left\">\n\t<div class=\"qodef-separator\" style=\"border-color: #ffffff;border-style: solid;width: 32px;border-bottom-width: 6px;margin-top: 24px;margin-bottom: 25px\"><\/div>\n<\/div>\n\n\t<div class=\"wpb_text_column wpb_content_element  archive-artist-anchors\" >\n\t\t<div class=\"wpb_wrapper\">\n\t\t\t<p class=\" translation-block\">Having an academic musical background from the famous Haute \u00c9cole de Musique in Geneva, L\u00e9on Phal has quickly evolved into an essential personality of the new French jazz scene. The album Stress Killer, released last year, is the ideal combination of timeless jazz heritage and contemporary urban music culture, exuding an air of night wandering with sensual moods. What is striking is that while electronic elements are pervasive in the quintet's sound, in reality, the result emerges in a completely analogue way through the patents of talented musicians, ultimately creating an electrifying atmosphere that is easy to find in electronic clubs. Sexy, groovy and freed from easy labels, the sound ofL\u00e9on Phal and his team expresses the spirit of a new generation of musicians eager to bring jazz to the here and now, gazing at the same time towards a promising future.<\/p>\n\n\t\t<\/div>\n\t<\/div>\n<div class=\"vc_empty_space\"   style=\"height: 32px\"><span class=\"vc_empty_space_inner\"><\/span><\/div>\t\t<\/div>\n\t<\/div>\n<\/div><\/div><\/div><\/div><\/div><\/div><\/div><\/div>","protected":false},"excerpt":{"rendered":"L\u00e9on Phal (\u0393\u03b1\u03bb\u03bb\u03af\u03b1) L\u00e9on Phal (\u03c3\u03b1\u03be\u03cc\u03c6\u03c9\u03bd\u03bf), Zacharie Ksyk (\u03c4\u03c1\u03bf\u03bc\u03c0\u03ad\u03c4\u03b1), Arthur Alard (\u03bd\u03c4\u03c1\u03b1\u03bc\u03c2), R\u00e9mi Bouyssi\u00e8re (\u03bc\u03c0\u03ac\u03c3\u03bf), Andrew Audiger (\u03c0\u03b9\u03ac\u03bd\u03bf) \u0388\u03c7\u03bf\u03bd\u03c4\u03b1\u03c2 \u03c9\u03c2...","protected":false},"author":1,"featured_media":0,"parent":0,"menu_order":0,"comment_status":"closed","ping_status":"closed","template":"full-width.php","meta":{"_seopress_robots_primary_cat":"","_seopress_titles_title":"","_seopress_titles_desc":"","_seopress_robots_index":"","_expiration-date-status":"","_expiration-date":0,"_expiration-date-type":"","_expiration-date-categories":[],"_expiration-date-options":[]},"acf":[],"_links":{"self":[{"href":"https:\/\/athensjazz.gr\/en\/wp-json\/wp\/v2\/pages\/13803"}],"collection":[{"href":"https:\/\/athensjazz.gr\/en\/wp-json\/wp\/v2\/pages"}],"about":[{"href":"https:\/\/athensjazz.gr\/en\/wp-json\/wp\/v2\/types\/page"}],"author":[{"embeddable":true,"href":"https:\/\/athensjazz.gr\/en\/wp-json\/wp\/v2\/users\/1"}],"replies":[{"embeddable":true,"href":"https:\/\/athensjazz.gr\/en\/wp-json\/wp\/v2\/comments?post=13803"}],"version-history":[{"count":1,"href":"https:\/\/athensjazz.gr\/en\/wp-json\/wp\/v2\/pages\/13803\/revisions"}],"predecessor-version":[{"id":13804,"href":"https:\/\/athensjazz.gr\/en\/wp-json\/wp\/v2\/pages\/13803\/revisions\/13804"}],"wp:attachment":[{"href":"https:\/\/athensjazz.gr\/en\/wp-json\/wp\/v2\/media?parent=13803"}],"curies":[{"name":"wp","href":"https:\/\/api.w.org\/{rel}","templated":true}]}}