{"id":14276,"date":"2025-04-24T10:34:49","date_gmt":"2025-04-24T07:34:49","guid":{"rendered":"https:\/\/athensjazz.gr\/?page_id=14276"},"modified":"2025-06-05T15:47:22","modified_gmt":"2025-06-05T12:47:22","slug":"moises-p-sanchez","status":"publish","type":"page","link":"https:\/\/athensjazz.gr\/en\/moises-p-sanchez\/","title":{"rendered":"Mois\u00e9s P. S\u00e1nchez"},"content":{"rendered":"<div class=\"vc_row wpb_row vc_row-fluid qodef-section vc_custom_1652090445565 qodef-content-aligment-left qodef-grid-section\" style=\"\"><div class=\"clearfix qodef-section-inner\"><div class=\"qodef-section-inner-margin clearfix\"><div class=\"wpb_column vc_column_container vc_col-sm-12\"><div class=\"vc_column-inner vc_custom_1491905695911\"><div class=\"wpb_wrapper\"><div class=\"qodef-elements-holder qodef-responsive-mode-768\" ><div class=\"qodef-elements-holder-item\" data-item-class=\"qodef-elements-holder-custom-466764\" data-1024-1280=\"0 14% 0 0\" data-600-768=\"0 0 0 0\" data-480-600=\"0 0 0 4%\" data-480=\"0 0 0 4%\" >\n\t<div class=\"qodef-elements-holder-item-inner\">\n\t\t<div class=\"qodef-elements-holder-item-content qodef-elements-holder-custom-466764\" style=\"padding: 0 35% 0 0\">\n\t\t\t\n\t<div class=\"wpb_text_column wpb_content_element  vc_custom_1745480064156\" >\n\t\t<div class=\"wpb_wrapper\">\n\t\t\t<h2><span style=\"color: #ffffff;\">Mois\u00e9s P. S\u00e1nchez (Spain)<\/span><\/h2>\n\n\t\t<\/div>\n\t<\/div>\n<div class=\"vc_empty_space\"   style=\"height: 10px\"><span class=\"vc_empty_space_inner\"><\/span><\/div>\n\t<div class=\"wpb_text_column wpb_content_element\" >\n\t\t<div class=\"wpb_wrapper\">\n\t\t\t<p style=\"text-align: left;\" align=\"center\" class=\" translation-block\">Mois\u00e9s P. S\u00e1nchez (piano), Javier Vercher (tenor saxophone), To\u00f1o Miguel (double bass), Na\u00edma Acu\u00f1a (drums)<\/p>\n\n\t\t<\/div>\n\t<\/div>\n<div class=\"qodef-separator-holder clearfix  qodef-separator-left\">\n\t<div class=\"qodef-separator\" style=\"border-color: #ffffff;border-style: solid;width: 32px;border-bottom-width: 6px;margin-top: 24px;margin-bottom: 25px\"><\/div>\n<\/div>\n\n\t<div class=\"wpb_text_column wpb_content_element  archive-artist-anchors\" >\n\t\t<div class=\"wpb_wrapper\">\n\t\t\t<p align=\"justify\">Mois\u00e9s P. S\u00e1nchez, one of the most charismatic pianists and composers of the contemporary European jazz scene, began his journey in Madrid over twenty years ago. Since then, he has built a career marked by an ever growing international presence and a musical voice defined by originality and vitality. His many stylistic explorations have led to a unique sonic footprint that blends the sensitivity of classical music with the unbridled spirit of jazz. In his album Dedication II, S\u00e1nchez offers a deeply personal perspective through compositions about loss, hope, and rebirth, weaving atmospheric melodies, striking musical turns, and a building tension that both stuns and captivates. Mois\u00e9s P. S\u00e1nchez\u2019s music is modern, honest, and deeply human\u2014jazz that leaves no one unmoved.<\/p>\n\n\t\t<\/div>\n\t<\/div>\n<div class=\"vc_empty_space\"   style=\"height: 32px\"><span class=\"vc_empty_space_inner\"><\/span><\/div>\t\t<\/div>\n\t<\/div>\n<\/div><\/div><\/div><\/div><\/div><\/div><\/div><\/div>","protected":false},"excerpt":{"rendered":"Mois\u00e9s P. S\u00e1nchez (\u0399\u03c3\u03c0\u03b1\u03bd\u03af\u03b1) Mois\u00e9s P. S\u00e1nchez (\u03c0\u03b9\u03ac\u03bd\u03bf), Javier Vercher (\u03c4\u03b5\u03bd\u03cc\u03c1\u03bf \u03c3\u03b1\u03be\u03cc\u03c6\u03c9\u03bd\u03bf), To\u00f1o Miguel (\u03ba\u03bf\u03bd\u03c4\u03c1\u03b1\u03bc\u03c0\u03ac\u03c3\u03bf), Na\u00edma Acu\u00f1a (\u03bd\u03c4\u03c1\u03b1\u03bc\u03c2) \u039f Mois\u00e9s...","protected":false},"author":1,"featured_media":0,"parent":0,"menu_order":0,"comment_status":"closed","ping_status":"closed","template":"full-width.php","meta":{"_seopress_robots_primary_cat":"","_seopress_titles_title":"","_seopress_titles_desc":"","_seopress_robots_index":"","_expiration-date-status":"","_expiration-date":0,"_expiration-date-type":"","_expiration-date-categories":[],"_expiration-date-options":[]},"acf":[],"_links":{"self":[{"href":"https:\/\/athensjazz.gr\/en\/wp-json\/wp\/v2\/pages\/14276"}],"collection":[{"href":"https:\/\/athensjazz.gr\/en\/wp-json\/wp\/v2\/pages"}],"about":[{"href":"https:\/\/athensjazz.gr\/en\/wp-json\/wp\/v2\/types\/page"}],"author":[{"embeddable":true,"href":"https:\/\/athensjazz.gr\/en\/wp-json\/wp\/v2\/users\/1"}],"replies":[{"embeddable":true,"href":"https:\/\/athensjazz.gr\/en\/wp-json\/wp\/v2\/comments?post=14276"}],"version-history":[{"count":4,"href":"https:\/\/athensjazz.gr\/en\/wp-json\/wp\/v2\/pages\/14276\/revisions"}],"predecessor-version":[{"id":14394,"href":"https:\/\/athensjazz.gr\/en\/wp-json\/wp\/v2\/pages\/14276\/revisions\/14394"}],"wp:attachment":[{"href":"https:\/\/athensjazz.gr\/en\/wp-json\/wp\/v2\/media?parent=14276"}],"curies":[{"name":"wp","href":"https:\/\/api.w.org\/{rel}","templated":true}]}}