{"id":14278,"date":"2025-04-24T10:19:31","date_gmt":"2025-04-24T07:19:31","guid":{"rendered":"https:\/\/athensjazz.gr\/?page_id=14278"},"modified":"2025-04-24T10:19:31","modified_gmt":"2025-04-24T07:19:31","slug":"toot-ensemble","status":"publish","type":"page","link":"https:\/\/athensjazz.gr\/en\/toot-ensemble\/","title":{"rendered":"Toot Ensemble"},"content":{"rendered":"<div class=\"vc_row wpb_row vc_row-fluid qodef-section vc_custom_1652090445565 qodef-content-aligment-left qodef-grid-section\" style=\"\"><div class=\"clearfix qodef-section-inner\"><div class=\"qodef-section-inner-margin clearfix\"><div class=\"wpb_column vc_column_container vc_col-sm-12\"><div class=\"vc_column-inner vc_custom_1491905695911\"><div class=\"wpb_wrapper\"><div class=\"qodef-elements-holder qodef-responsive-mode-768\" ><div class=\"qodef-elements-holder-item\" data-item-class=\"qodef-elements-holder-custom-693150\" data-1024-1280=\"0 14% 0 0\" data-600-768=\"0 0 0 0\" data-480-600=\"0 0 0 4%\" data-480=\"0 0 0 4%\" >\n\t<div class=\"qodef-elements-holder-item-inner\">\n\t\t<div class=\"qodef-elements-holder-item-content qodef-elements-holder-custom-693150\" style=\"padding: 0 35% 0 0\">\n\t\t\t\n\t<div class=\"wpb_text_column wpb_content_element  vc_custom_1745479139503\" >\n\t\t<div class=\"wpb_wrapper\">\n\t\t\t<h2><span style=\"color: #ffffff;\">Toot Ensemble (Czech Republic)<\/span><\/h2>\n\n\t\t<\/div>\n\t<\/div>\n<div class=\"vc_empty_space\"   style=\"height: 10px\"><span class=\"vc_empty_space_inner\"><\/span><\/div>\n\t<div class=\"wpb_text_column wpb_content_element\" >\n\t\t<div class=\"wpb_wrapper\">\n\t\t\t<p class=\" translation-block\">\u0160imon Jan\u00e1k (tuba), Robert Fischmann (bass drum), V\u00edt\u011bzslav Pato\u010dka (drums and percussion), Jakub Eben (drums and percussion), Dimo Mi\u0161\u010duk (trumpet), Mat\u011bj Rada (trumpet), \u0160imon Pudlovsk\u00fd (trombone), David Lomi\u010d (tenor saxophone), Luk\u00e1\u0161 Urb\u00e1nek (baritone saxophone)<\/p>\n\n\t\t<\/div>\n\t<\/div>\n<div class=\"qodef-separator-holder clearfix  qodef-separator-left\">\n\t<div class=\"qodef-separator\" style=\"border-color: #ffffff;border-style: solid;width: 32px;border-bottom-width: 6px;margin-top: 24px;margin-bottom: 25px\"><\/div>\n<\/div>\n\n\t<div class=\"wpb_text_column wpb_content_element  archive-artist-anchors\" >\n\t\t<div class=\"wpb_wrapper\">\n\t\t\t<p>Forget everything you thought you knew about the intersection between electronic and orchestral music, here comes Toot Ensemble! This unconventional 9-piece philharmonic smashes together EDM and analogue sounds, seamlessly merging the physicality of dance music with the frenetic rhythms of drums and brass. Inspired by bands like Meute and Moon Hooch, they deliver a sound so packed with infectious energy that you can\u2019t help but move and be moved. Don\u2019t expect any covers, though. It might sound crazy, but all the band\u2019s pieces are originals. Created during the pandemic as the artistic project of David Lomi\u010d and Robert Fischmann, they have evolved into a live act that spreads joy and dance wherever they appear. Join the Toot Ensemble on their musical journey and let their exhilarating frenzy carry you away, body and soul.<\/p>\n\n\t\t<\/div>\n\t<\/div>\n<div class=\"vc_empty_space\"   style=\"height: 32px\"><span class=\"vc_empty_space_inner\"><\/span><\/div>\t\t<\/div>\n\t<\/div>\n<\/div><\/div><\/div><\/div><\/div><\/div><\/div><\/div>","protected":false},"excerpt":{"rendered":"Toot Ensemble (\u03a4\u03c3\u03b5\u03c7\u03af\u03b1) \u0160imon Jan\u00e1k (\u03c4\u03bf\u03cd\u03bc\u03c0\u03b1), Robert Fischmann (\u03b3\u03ba\u03c1\u03b1\u03bd\u03ba\u03ac\u03c3\u03b1), V\u00edt\u011bzslav Pato\u010dka (\u03bd\u03c4\u03c1\u03b1\u03bc\u03c2 \u03ba\u03b1\u03b9 \u03ba\u03c1\u03bf\u03c5\u03c3\u03c4\u03ac), Jakub Eben (\u03bd\u03c4\u03c1\u03b1\u03bc\u03c2 \u03ba\u03b1\u03b9 \u03ba\u03c1\u03bf\u03c5\u03c3\u03c4\u03ac), Dimo...","protected":false},"author":1,"featured_media":0,"parent":0,"menu_order":0,"comment_status":"closed","ping_status":"closed","template":"full-width.php","meta":{"_seopress_robots_primary_cat":"","_seopress_titles_title":"","_seopress_titles_desc":"","_seopress_robots_index":"","_expiration-date-status":"","_expiration-date":0,"_expiration-date-type":"","_expiration-date-categories":[],"_expiration-date-options":[]},"acf":[],"_links":{"self":[{"href":"https:\/\/athensjazz.gr\/en\/wp-json\/wp\/v2\/pages\/14278"}],"collection":[{"href":"https:\/\/athensjazz.gr\/en\/wp-json\/wp\/v2\/pages"}],"about":[{"href":"https:\/\/athensjazz.gr\/en\/wp-json\/wp\/v2\/types\/page"}],"author":[{"embeddable":true,"href":"https:\/\/athensjazz.gr\/en\/wp-json\/wp\/v2\/users\/1"}],"replies":[{"embeddable":true,"href":"https:\/\/athensjazz.gr\/en\/wp-json\/wp\/v2\/comments?post=14278"}],"version-history":[{"count":1,"href":"https:\/\/athensjazz.gr\/en\/wp-json\/wp\/v2\/pages\/14278\/revisions"}],"predecessor-version":[{"id":14279,"href":"https:\/\/athensjazz.gr\/en\/wp-json\/wp\/v2\/pages\/14278\/revisions\/14279"}],"wp:attachment":[{"href":"https:\/\/athensjazz.gr\/en\/wp-json\/wp\/v2\/media?parent=14278"}],"curies":[{"name":"wp","href":"https:\/\/api.w.org\/{rel}","templated":true}]}}