{"id":14563,"date":"2026-04-24T10:47:00","date_gmt":"2026-04-24T07:47:00","guid":{"rendered":"https:\/\/athensjazz.gr\/?page_id=14563"},"modified":"2026-04-24T19:27:22","modified_gmt":"2026-04-24T16:27:22","slug":"lesni-zver","status":"publish","type":"page","link":"https:\/\/athensjazz.gr\/en\/lesni-zver\/","title":{"rendered":"Lesn\u00ed \u0396v\u011b\u0159"},"content":{"rendered":"<div class=\"vc_row wpb_row vc_row-fluid qodef-section vc_custom_1652090445565 qodef-content-aligment-left qodef-grid-section\" style=\"\"><div class=\"clearfix qodef-section-inner\"><div class=\"qodef-section-inner-margin clearfix\"><div class=\"wpb_column vc_column_container vc_col-sm-12\"><div class=\"vc_column-inner vc_custom_1491905695911\"><div class=\"wpb_wrapper\"><div class=\"qodef-elements-holder qodef-responsive-mode-768\" ><div class=\"qodef-elements-holder-item\" data-item-class=\"qodef-elements-holder-custom-716978\" data-1024-1280=\"0 14% 0 0\" data-600-768=\"0 0 0 0\" data-480-600=\"0 0 0 4%\" data-480=\"0 0 0 4%\" >\n\t<div class=\"qodef-elements-holder-item-inner\">\n\t\t<div class=\"qodef-elements-holder-item-content qodef-elements-holder-custom-716978\" style=\"padding: 0 35% 0 0\">\n\t\t\t\n\t<div class=\"wpb_text_column wpb_content_element  vc_custom_1777048039871\" >\n\t\t<div class=\"wpb_wrapper\">\n\t\t\t<h2><span style=\"color: #ffffff;\">Lesn\u00ed \u0396v\u011b\u0159 (Czech Republic)<\/span><\/h2>\n\n\t\t<\/div>\n\t<\/div>\n<div class=\"vc_empty_space\"   style=\"height: 10px\"><span class=\"vc_empty_space_inner\"><\/span><\/div>\n\t<div class=\"wpb_text_column wpb_content_element\" >\n\t\t<div class=\"wpb_wrapper\">\n\t\t\t<p><em>Ji\u0159\u00ed Hradil (keyboards, flute), Marek Steyer (trumpet), Martin \u010cech (drums)<\/em><\/p>\n\n\t\t<\/div>\n\t<\/div>\n<div class=\"qodef-separator-holder clearfix  qodef-separator-left\">\n\t<div class=\"qodef-separator\" style=\"border-color: #ffffff;border-style: solid;width: 32px;border-bottom-width: 6px;margin-top: 24px;margin-bottom: 25px\"><\/div>\n<\/div>\n\n\t<div class=\"wpb_text_column wpb_content_element  archive-artist-anchors\" >\n\t\t<div class=\"wpb_wrapper\">\n\t\t\t<p>Lesn\u00ed zv\u011b\u0159, which loosely translates into Sylvan Game, insist on conceptualizing nu-jazz not so much as a music necessarily connected with jazz in the historical sense of the word, but as common ground, a starting point for spontaneous and exciting journeys where they can wildly exploit their imagination free from the constraints of genre. The world has changed since their early studio releases in the late \u201800s, but their live performances remain their primary strength, utilizing the concept of musical performance as a happening for major festivals and events all over the world, like Colours of Ostrava 2016, the Trutnov open air festival, Jazzinec, where they opened for Eric Truffaz, Eurojazz in Mexico, Brussels Jazz Marathon in Belgium, and Lotos Jazz festival, where they opened for JAZZANOVA. After years of hibernation, this unconventional jazz trio is wide awake and ready for new adventures.<\/p>\n\n\t\t<\/div>\n\t<\/div>\n<div class=\"vc_empty_space\"   style=\"height: 32px\"><span class=\"vc_empty_space_inner\"><\/span><\/div>\t\t<\/div>\n\t<\/div>\n<\/div><\/div><\/div><\/div><\/div><\/div><\/div><\/div>","protected":false},"excerpt":{"rendered":"Lesn\u00ed \u0396v\u011b\u0159 (\u03a4\u03c3\u03b5\u03c7\u03af\u03b1) Ji\u0159\u00ed Hradil (\u03c0\u03bb\u03ae\u03ba\u03c4\u03c1\u03b1, \u03c6\u03bb\u03ac\u03bf\u03c5\u03c4\u03bf), Marek Steyer (\u03c4\u03c1\u03bf\u03bc\u03c0\u03ad\u03c4\u03b1), Martin \u010cech (\u03bd\u03c4\u03c1\u03b1\u03bc\u03c2) \u039f\u03b9 Lesn\u00ed zv\u011b\u0159 (\u03c3\u03b5 \u03b5\u03bb\u03b5\u03cd\u03b8\u03b5\u03c1\u03b7 \u03bc\u03b5\u03c4\u03ac\u03c6\u03c1\u03b1\u03c3\u03b7: \u0398\u03b7\u03c1\u03ac\u03bc\u03b1\u03c4\u03b1...","protected":false},"author":1,"featured_media":14514,"parent":0,"menu_order":0,"comment_status":"closed","ping_status":"closed","template":"full-width.php","meta":{"_seopress_robots_primary_cat":"","_seopress_titles_title":"","_seopress_titles_desc":"","_seopress_robots_index":"","_expiration-date-status":"","_expiration-date":0,"_expiration-date-type":"","_expiration-date-categories":[],"_expiration-date-options":[]},"acf":[],"_links":{"self":[{"href":"https:\/\/athensjazz.gr\/en\/wp-json\/wp\/v2\/pages\/14563"}],"collection":[{"href":"https:\/\/athensjazz.gr\/en\/wp-json\/wp\/v2\/pages"}],"about":[{"href":"https:\/\/athensjazz.gr\/en\/wp-json\/wp\/v2\/types\/page"}],"author":[{"embeddable":true,"href":"https:\/\/athensjazz.gr\/en\/wp-json\/wp\/v2\/users\/1"}],"replies":[{"embeddable":true,"href":"https:\/\/athensjazz.gr\/en\/wp-json\/wp\/v2\/comments?post=14563"}],"version-history":[{"count":3,"href":"https:\/\/athensjazz.gr\/en\/wp-json\/wp\/v2\/pages\/14563\/revisions"}],"predecessor-version":[{"id":14632,"href":"https:\/\/athensjazz.gr\/en\/wp-json\/wp\/v2\/pages\/14563\/revisions\/14632"}],"wp:featuredmedia":[{"embeddable":true,"href":"https:\/\/athensjazz.gr\/en\/wp-json\/wp\/v2\/media\/14514"}],"wp:attachment":[{"href":"https:\/\/athensjazz.gr\/en\/wp-json\/wp\/v2\/media?parent=14563"}],"curies":[{"name":"wp","href":"https:\/\/api.w.org\/{rel}","templated":true}]}}