{"id":14566,"date":"2026-04-24T10:28:33","date_gmt":"2026-04-24T07:28:33","guid":{"rendered":"https:\/\/athensjazz.gr\/?page_id=14566"},"modified":"2026-04-24T10:31:03","modified_gmt":"2026-04-24T07:31:03","slug":"kosmonauci","status":"publish","type":"page","link":"https:\/\/athensjazz.gr\/en\/kosmonauci\/","title":{"rendered":"Kosmonauci"},"content":{"rendered":"<div class=\"vc_row wpb_row vc_row-fluid qodef-section vc_custom_1652090445565 qodef-content-aligment-left qodef-grid-section\" style=\"\"><div class=\"clearfix qodef-section-inner\"><div class=\"qodef-section-inner-margin clearfix\"><div class=\"wpb_column vc_column_container vc_col-sm-12\"><div class=\"vc_column-inner vc_custom_1491905695911\"><div class=\"wpb_wrapper\"><div class=\"qodef-elements-holder qodef-responsive-mode-768\" ><div class=\"qodef-elements-holder-item\" data-item-class=\"qodef-elements-holder-custom-934198\" data-1024-1280=\"0 14% 0 0\" data-600-768=\"0 0 0 0\" data-480-600=\"0 0 0 4%\" data-480=\"0 0 0 4%\" >\n\t<div class=\"qodef-elements-holder-item-inner\">\n\t\t<div class=\"qodef-elements-holder-item-content qodef-elements-holder-custom-934198\" style=\"padding: 0 35% 0 0\">\n\t\t\t\n\t<div class=\"wpb_text_column wpb_content_element  vc_custom_1777015481551\" >\n\t\t<div class=\"wpb_wrapper\">\n\t\t\t<h2><span style=\"color: #ffffff;\">Kosmonauci (Poland)<\/span><\/h2>\n\n\t\t<\/div>\n\t<\/div>\n<div class=\"vc_empty_space\"   style=\"height: 10px\"><span class=\"vc_empty_space_inner\"><\/span><\/div>\n\t<div class=\"wpb_text_column wpb_content_element\" >\n\t\t<div class=\"wpb_wrapper\">\n\t\t\t<p><em>Mi\u0142osz Pieczonka (saxophone), Bart\u0142omiej Lucjan (bass guitar, moog), Tymon Kosma (vibraphone), Jan Pieni\u0105\u017cek (drums)<\/em><\/p>\n\n\t\t<\/div>\n\t<\/div>\n<div class=\"qodef-separator-holder clearfix  qodef-separator-left\">\n\t<div class=\"qodef-separator\" style=\"border-color: #ffffff;border-style: solid;width: 32px;border-bottom-width: 6px;margin-top: 24px;margin-bottom: 25px\"><\/div>\n<\/div>\n\n\t<div class=\"wpb_text_column wpb_content_element  archive-artist-anchors\" >\n\t\t<div class=\"wpb_wrapper\">\n\t\t\t<p lang=\"nl-NL\" class=\" translation-block\">Can a band skillfully blend future jazz, drum \u2018n\u2019 bass and contemporary jazzy hip hop to concoct something excitingly new? What if the Polish DIY quartet Kosmonauci, unburdened by the weight of idioms and the restrictions of genres, can blow our expectations out of the water through the randomness of improvisation and the sheer innocence of youth? The answers to these questions might not be obvious or linear, but one thing is certain: the band\u2019s polyrhythmic melodies have already caused a stir in famous Polish jazz festivals, like Jazz Jantar Festival, Bielska Zadymka Jazzowa and M\u0142yn Jazz Festival, getting praise from both audiences and critics. Having toured their debut album all over Europe and determined to beat the sophomore slump with their second LP Brudna \u2013 Bielizna, they will be arriving at Athens Jazz for a live performance that promises to take us on an experimental ride into uncharted musical waters.<\/p>\n\n\t\t<\/div>\n\t<\/div>\n<div class=\"vc_empty_space\"   style=\"height: 32px\"><span class=\"vc_empty_space_inner\"><\/span><\/div>\t\t<\/div>\n\t<\/div>\n<\/div><\/div><\/div><\/div><\/div><\/div><\/div><\/div>","protected":false},"excerpt":{"rendered":"Kosmonauci (\u03a0\u03bf\u03bb\u03c9\u03bd\u03af\u03b1) Mi\u0142osz Pieczonka (\u03c3\u03b1\u03be\u03cc\u03c6\u03c9\u03bd\u03bf), Bart\u0142omiej Lucjan (\u03b7\u03bb\u03b5\u03ba\u03c4\u03c1\u03b9\u03ba\u03cc \u03bc\u03c0\u03ac\u03c3\u03bf, moog), Tymon Kosma (\u03b2\u03b9\u03bc\u03c0\u03c1\u03ac\u03c6\u03c9\u03bd\u03bf), Jan Pieni\u0105\u017cek (\u03bd\u03c4\u03c1\u03b1\u03bc\u03c2) \u039a\u03b9 \u03b1\u03bd \u03c4\u03b5\u03bb\u03b9\u03ba\u03ac \u03b4\u03b5\u03bd...","protected":false},"author":1,"featured_media":14521,"parent":0,"menu_order":0,"comment_status":"closed","ping_status":"closed","template":"full-width.php","meta":{"_seopress_robots_primary_cat":"","_seopress_titles_title":"","_seopress_titles_desc":"","_seopress_robots_index":"","_expiration-date-status":"","_expiration-date":0,"_expiration-date-type":"","_expiration-date-categories":[],"_expiration-date-options":[]},"acf":[],"_links":{"self":[{"href":"https:\/\/athensjazz.gr\/en\/wp-json\/wp\/v2\/pages\/14566"}],"collection":[{"href":"https:\/\/athensjazz.gr\/en\/wp-json\/wp\/v2\/pages"}],"about":[{"href":"https:\/\/athensjazz.gr\/en\/wp-json\/wp\/v2\/types\/page"}],"author":[{"embeddable":true,"href":"https:\/\/athensjazz.gr\/en\/wp-json\/wp\/v2\/users\/1"}],"replies":[{"embeddable":true,"href":"https:\/\/athensjazz.gr\/en\/wp-json\/wp\/v2\/comments?post=14566"}],"version-history":[{"count":1,"href":"https:\/\/athensjazz.gr\/en\/wp-json\/wp\/v2\/pages\/14566\/revisions"}],"predecessor-version":[{"id":14574,"href":"https:\/\/athensjazz.gr\/en\/wp-json\/wp\/v2\/pages\/14566\/revisions\/14574"}],"wp:featuredmedia":[{"embeddable":true,"href":"https:\/\/athensjazz.gr\/en\/wp-json\/wp\/v2\/media\/14521"}],"wp:attachment":[{"href":"https:\/\/athensjazz.gr\/en\/wp-json\/wp\/v2\/media?parent=14566"}],"curies":[{"name":"wp","href":"https:\/\/api.w.org\/{rel}","templated":true}]}}